{"id":114,"date":"2025-05-16T19:22:41","date_gmt":"2025-05-16T19:22:41","guid":{"rendered":"https:\/\/croatianshepherddog.com\/?page_id=114"},"modified":"2025-05-17T18:12:27","modified_gmt":"2025-05-17T18:12:27","slug":"kontakt","status":"publish","type":"page","link":"https:\/\/croatianshepherddog.com\/en\/kontakt\/","title":{"rendered":"Contact"},"content":{"rendered":"<div data-elementor-type=\"wp-page\" data-elementor-id=\"114\" class=\"elementor elementor-114\" data-elementor-post-type=\"page\">\n\t\t\t\t<div class=\"elementor-element elementor-element-9d9f15b e-flex e-con-boxed e-con e-parent\" data-id=\"9d9f15b\" data-element_type=\"container\" data-settings=\"{&quot;background_background&quot;:&quot;classic&quot;}\">\n\t\t\t\t\t<div class=\"e-con-inner\">\n\t\t\t\t<div class=\"elementor-element elementor-element-2d85810 elementor-widget elementor-widget-heading\" data-id=\"2d85810\" data-element_type=\"widget\" data-widget_type=\"heading.default\">\n\t\t\t\t<div class=\"elementor-widget-container\">\n\t\t\t\t\t<h1 class=\"elementor-heading-title elementor-size-default\">Contact<\/h1>\t\t\t\t<\/div>\n\t\t\t\t<\/div>\n\t\t\t\t<div class=\"elementor-element elementor-element-025cc48 elementor-widget elementor-widget-text-editor\" data-id=\"025cc48\" data-element_type=\"widget\" data-widget_type=\"text-editor.default\">\n\t\t\t\t<div class=\"elementor-widget-container\">\n\t\t\t\t\t\t\t\t\t<div><div><div><p>For more information about breeding, training, health, or anything related to this extraordinary breed:<\/p><\/div><\/div><\/div>\t\t\t\t\t\t\t\t<\/div>\n\t\t\t\t<\/div>\n\t\t<div class=\"elementor-element elementor-element-9b8f36c e-grid e-con-full e-con e-child\" data-id=\"9b8f36c\" data-element_type=\"container\">\n\t\t\t\t<div class=\"elementor-element elementor-element-313989b elementor-widget elementor-widget-text-editor\" data-id=\"313989b\" data-element_type=\"widget\" data-widget_type=\"text-editor.default\">\n\t\t\t\t<div class=\"elementor-widget-container\">\n\t\t\t\t\t\t\t\t\t<div><div><div><p>Croatian Shepherd Dog Breed Club \"Hrvatski ov\u010dar\" \u2013 \u0110akovo<\/p><\/div><div><p>Zve\u010daj II bb \/ Certisa 14<\/p><\/div><div><p>31400 \u0110akovo<\/p><\/div><div><p>mkho.djakovo@gmail.com<\/p><\/div><\/div><\/div>\t\t\t\t\t\t\t\t<\/div>\n\t\t\t\t<\/div>\n\t\t\t\t<div class=\"elementor-element elementor-element-6062289 elementor-widget elementor-widget-text-editor\" data-id=\"6062289\" data-element_type=\"widget\" data-widget_type=\"text-editor.default\">\n\t\t\t\t<div class=\"elementor-widget-container\">\n\t\t\t\t\t\t\t\t\t<div><div><div><p>Club \"Hrvatski ov\u010dar\" \u2013 Zagreb<\/p><\/div><div><p>Ilica 61<\/p><\/div><div><p>10000 Zagreb<\/p><\/div><div><p>klubhozagreb@gmail.com<\/p><\/div><\/div><\/div>\t\t\t\t\t\t\t\t<\/div>\n\t\t\t\t<\/div>\n\t\t\t\t<div class=\"elementor-element elementor-element-91c2ed7 elementor-widget elementor-widget-text-editor\" data-id=\"91c2ed7\" data-element_type=\"widget\" data-widget_type=\"text-editor.default\">\n\t\t\t\t<div class=\"elementor-widget-container\">\n\t\t\t\t\t\t\t\t\t<div><div><div><p>Friends of the Croatian Shepherd Association \u2013 Karlovac<\/p><\/div><div><p>Donja Gaza 9<\/p><\/div><div><p>47000 Karlovac<\/p><\/div><div><p>bakale.nikola1@gmail.com<\/p><\/div><\/div><\/div>\t\t\t\t\t\t\t\t<\/div>\n\t\t\t\t<\/div>\n\t\t\t\t<\/div>\n\t\t\t\t\t<\/div>\n\t\t\t\t<\/div>\n\t\t\t\t<\/div>","protected":false},"excerpt":{"rendered":"<p>Kontakt Za detaljne informacije o uzgoju, treningu, zdravlju ili bilo kojoj drugoj temi vezanoj za ovu izuzetnu pasminu slobodni su za kontakt: MATI\u010cNI KLUB HRVATSKOG OV\u010cARSKOG PSA \u201cHRVATSKI OV\u010cAR\u201d &#8211; \u0110AKOVO Zve\u010daj II bb \/ Certisa 14 31400 \u0110akovo mkho.djakovo@gmail.com KLUB HRVATSKI OV\u010cAR &#8211; ZAGREB Ilica 61 10000 Zagreb klubhozagreb@gmail.com DRU\u0160TVO PRIJATELJA HRVATSKOG OV\u010cARA &#8211; [&hellip;]<\/p>","protected":false},"author":1,"featured_media":0,"parent":0,"menu_order":0,"comment_status":"closed","ping_status":"closed","template":"elementor_header_footer","meta":{"footnotes":""},"class_list":["post-114","page","type-page","status-publish","hentry"],"yoast_head":"<!-- This site is optimized with the Yoast SEO plugin v25.1 - https:\/\/yoast.com\/wordpress\/plugins\/seo\/ -->\n<title>Kontakt - Virtualni Muzej Hrvatskog ov\u010dara<\/title>\n<meta name=\"robots\" content=\"index, follow, max-snippet:-1, max-image-preview:large, max-video-preview:-1\" \/>\n<link rel=\"canonical\" href=\"https:\/\/croatianshepherddog.com\/en\/kontakt\/\" \/>\n<meta property=\"og:locale\" content=\"en_GB\" \/>\n<meta property=\"og:type\" content=\"article\" \/>\n<meta property=\"og:title\" content=\"Kontakt - Virtualni Muzej Hrvatskog ov\u010dara\" \/>\n<meta property=\"og:description\" content=\"Kontakt Za detaljne informacije o uzgoju, treningu, zdravlju ili bilo kojoj drugoj temi vezanoj za ovu izuzetnu pasminu slobodni su za kontakt: MATI\u010cNI KLUB HRVATSKOG OV\u010cARSKOG PSA \u201cHRVATSKI OV\u010cAR\u201d &#8211; \u0110AKOVO Zve\u010daj II bb \/ Certisa 14 31400 \u0110akovo mkho.djakovo@gmail.com KLUB HRVATSKI OV\u010cAR &#8211; ZAGREB Ilica 61 10000 Zagreb klubhozagreb@gmail.com DRU\u0160TVO PRIJATELJA HRVATSKOG OV\u010cARA &#8211; [&hellip;]\" \/>\n<meta property=\"og:url\" content=\"https:\/\/croatianshepherddog.com\/en\/kontakt\/\" \/>\n<meta property=\"og:site_name\" content=\"Virtualni Muzej Hrvatskog ov\u010dara\" \/>\n<meta property=\"article:modified_time\" content=\"2025-05-17T18:12:27+00:00\" \/>\n<meta name=\"twitter:card\" content=\"summary_large_image\" \/>\n<meta name=\"twitter:label1\" content=\"Estimated reading time\" \/>\n\t<meta name=\"twitter:data1\" content=\"1 minute\" \/>\n<script type=\"application\/ld+json\" class=\"yoast-schema-graph\">{\"@context\":\"https:\/\/schema.org\",\"@graph\":[{\"@type\":\"WebPage\",\"@id\":\"https:\/\/croatianshepherddog.com\/kontakt\/\",\"url\":\"https:\/\/croatianshepherddog.com\/kontakt\/\",\"name\":\"Kontakt - Virtualni Muzej Hrvatskog ov\u010dara\",\"isPartOf\":{\"@id\":\"https:\/\/croatianshepherddog.com\/#website\"},\"datePublished\":\"2025-05-16T19:22:41+00:00\",\"dateModified\":\"2025-05-17T18:12:27+00:00\",\"breadcrumb\":{\"@id\":\"https:\/\/croatianshepherddog.com\/kontakt\/#breadcrumb\"},\"inLanguage\":\"en-GB\",\"potentialAction\":[{\"@type\":\"ReadAction\",\"target\":[\"https:\/\/croatianshepherddog.com\/kontakt\/\"]}]},{\"@type\":\"BreadcrumbList\",\"@id\":\"https:\/\/croatianshepherddog.com\/kontakt\/#breadcrumb\",\"itemListElement\":[{\"@type\":\"ListItem\",\"position\":1,\"name\":\"Home\",\"item\":\"https:\/\/croatianshepherddog.com\/\"},{\"@type\":\"ListItem\",\"position\":2,\"name\":\"Kontakt\"}]},{\"@type\":\"WebSite\",\"@id\":\"https:\/\/croatianshepherddog.com\/#website\",\"url\":\"https:\/\/croatianshepherddog.com\/\",\"name\":\"Virtualni Muzej Hrvatskog ov\u010dara\",\"description\":\"Autohtona hrvatska pasmina\",\"publisher\":{\"@id\":\"https:\/\/croatianshepherddog.com\/#organization\"},\"potentialAction\":[{\"@type\":\"SearchAction\",\"target\":{\"@type\":\"EntryPoint\",\"urlTemplate\":\"https:\/\/croatianshepherddog.com\/?s={search_term_string}\"},\"query-input\":{\"@type\":\"PropertyValueSpecification\",\"valueRequired\":true,\"valueName\":\"search_term_string\"}}],\"inLanguage\":\"en-GB\"},{\"@type\":\"Organization\",\"@id\":\"https:\/\/croatianshepherddog.com\/#organization\",\"name\":\"Virtualni Muzej Hrvatskog ov\u010dara\",\"url\":\"https:\/\/croatianshepherddog.com\/\",\"logo\":{\"@type\":\"ImageObject\",\"inLanguage\":\"en-GB\",\"@id\":\"https:\/\/croatianshepherddog.com\/#\/schema\/logo\/image\/\",\"url\":\"https:\/\/croatianshepherddog.com\/wp-content\/uploads\/2025\/05\/image-3-1.png\",\"contentUrl\":\"https:\/\/croatianshepherddog.com\/wp-content\/uploads\/2025\/05\/image-3-1.png\",\"width\":245,\"height\":225,\"caption\":\"Virtualni Muzej Hrvatskog ov\u010dara\"},\"image\":{\"@id\":\"https:\/\/croatianshepherddog.com\/#\/schema\/logo\/image\/\"}}]}<\/script>\n<!-- \/ Yoast SEO plugin. -->","yoast_head_json":{"title":"Kontakt - Virtualni Muzej Hrvatskog ov\u010dara","robots":{"index":"index","follow":"follow","max-snippet":"max-snippet:-1","max-image-preview":"max-image-preview:large","max-video-preview":"max-video-preview:-1"},"canonical":"https:\/\/croatianshepherddog.com\/en\/kontakt\/","og_locale":"en_GB","og_type":"article","og_title":"Kontakt - Virtualni Muzej Hrvatskog ov\u010dara","og_description":"Kontakt Za detaljne informacije o uzgoju, treningu, zdravlju ili bilo kojoj drugoj temi vezanoj za ovu izuzetnu pasminu slobodni su za kontakt: MATI\u010cNI KLUB HRVATSKOG OV\u010cARSKOG PSA \u201cHRVATSKI OV\u010cAR\u201d &#8211; \u0110AKOVO Zve\u010daj II bb \/ Certisa 14 31400 \u0110akovo mkho.djakovo@gmail.com KLUB HRVATSKI OV\u010cAR &#8211; ZAGREB Ilica 61 10000 Zagreb klubhozagreb@gmail.com DRU\u0160TVO PRIJATELJA HRVATSKOG OV\u010cARA &#8211; [&hellip;]","og_url":"https:\/\/croatianshepherddog.com\/en\/kontakt\/","og_site_name":"Virtualni Muzej Hrvatskog ov\u010dara","article_modified_time":"2025-05-17T18:12:27+00:00","twitter_card":"summary_large_image","twitter_misc":{"Estimated reading time":"1 minute"},"schema":{"@context":"https:\/\/schema.org","@graph":[{"@type":"WebPage","@id":"https:\/\/croatianshepherddog.com\/kontakt\/","url":"https:\/\/croatianshepherddog.com\/kontakt\/","name":"Kontakt - Virtualni Muzej Hrvatskog ov\u010dara","isPartOf":{"@id":"https:\/\/croatianshepherddog.com\/#website"},"datePublished":"2025-05-16T19:22:41+00:00","dateModified":"2025-05-17T18:12:27+00:00","breadcrumb":{"@id":"https:\/\/croatianshepherddog.com\/kontakt\/#breadcrumb"},"inLanguage":"en-GB","potentialAction":[{"@type":"ReadAction","target":["https:\/\/croatianshepherddog.com\/kontakt\/"]}]},{"@type":"BreadcrumbList","@id":"https:\/\/croatianshepherddog.com\/kontakt\/#breadcrumb","itemListElement":[{"@type":"ListItem","position":1,"name":"Home","item":"https:\/\/croatianshepherddog.com\/"},{"@type":"ListItem","position":2,"name":"Kontakt"}]},{"@type":"WebSite","@id":"https:\/\/croatianshepherddog.com\/#website","url":"https:\/\/croatianshepherddog.com\/","name":"Virtualni Muzej Hrvatskog ov\u010dara","description":"Autohtona hrvatska pasmina","publisher":{"@id":"https:\/\/croatianshepherddog.com\/#organization"},"potentialAction":[{"@type":"SearchAction","target":{"@type":"EntryPoint","urlTemplate":"https:\/\/croatianshepherddog.com\/?s={search_term_string}"},"query-input":{"@type":"PropertyValueSpecification","valueRequired":true,"valueName":"search_term_string"}}],"inLanguage":"en-GB"},{"@type":"Organization","@id":"https:\/\/croatianshepherddog.com\/#organization","name":"Virtualni Muzej Hrvatskog ov\u010dara","url":"https:\/\/croatianshepherddog.com\/","logo":{"@type":"ImageObject","inLanguage":"en-GB","@id":"https:\/\/croatianshepherddog.com\/#\/schema\/logo\/image\/","url":"https:\/\/croatianshepherddog.com\/wp-content\/uploads\/2025\/05\/image-3-1.png","contentUrl":"https:\/\/croatianshepherddog.com\/wp-content\/uploads\/2025\/05\/image-3-1.png","width":245,"height":225,"caption":"Virtualni Muzej Hrvatskog ov\u010dara"},"image":{"@id":"https:\/\/croatianshepherddog.com\/#\/schema\/logo\/image\/"}}]}},"_links":{"self":[{"href":"https:\/\/croatianshepherddog.com\/en\/wp-json\/wp\/v2\/pages\/114","targetHints":{"allow":["GET"]}}],"collection":[{"href":"https:\/\/croatianshepherddog.com\/en\/wp-json\/wp\/v2\/pages"}],"about":[{"href":"https:\/\/croatianshepherddog.com\/en\/wp-json\/wp\/v2\/types\/page"}],"author":[{"embeddable":true,"href":"https:\/\/croatianshepherddog.com\/en\/wp-json\/wp\/v2\/users\/1"}],"replies":[{"embeddable":true,"href":"https:\/\/croatianshepherddog.com\/en\/wp-json\/wp\/v2\/comments?post=114"}],"version-history":[{"count":0,"href":"https:\/\/croatianshepherddog.com\/en\/wp-json\/wp\/v2\/pages\/114\/revisions"}],"wp:attachment":[{"href":"https:\/\/croatianshepherddog.com\/en\/wp-json\/wp\/v2\/media?parent=114"}],"curies":[{"name":"wp","href":"https:\/\/api.w.org\/{rel}","templated":true}]}}