{"id":49,"date":"2025-05-16T19:22:55","date_gmt":"2025-05-16T19:22:55","guid":{"rendered":"https:\/\/croatianshepherddog.com\/?page_id=49"},"modified":"2025-06-25T12:05:51","modified_gmt":"2025-06-25T12:05:51","slug":"povijest-pasmine","status":"publish","type":"page","link":"https:\/\/croatianshepherddog.com\/en\/povijest-pasmine\/","title":{"rendered":"Breed history"},"content":{"rendered":"<div data-elementor-type=\"wp-page\" data-elementor-id=\"49\" class=\"elementor elementor-49\" data-elementor-post-type=\"page\">\n\t\t\t\t<div class=\"elementor-element elementor-element-18c67ba e-flex e-con-boxed e-con e-parent\" data-id=\"18c67ba\" data-element_type=\"container\">\n\t\t\t\t\t<div class=\"e-con-inner\">\n\t\t\t\t<div class=\"elementor-element elementor-element-a980f24 elementor-widget elementor-widget-heading\" data-id=\"a980f24\" data-element_type=\"widget\" data-widget_type=\"heading.default\">\n\t\t\t\t<div class=\"elementor-widget-container\">\n\t\t\t\t\t<h1 class=\"elementor-heading-title elementor-size-default\">Breed History: <br>\nCroatian Shepherd Dog as a guardian of Croatian heritage<\/h1>\t\t\t\t<\/div>\n\t\t\t\t<\/div>\n\t\t\t\t\t<\/div>\n\t\t\t\t<\/div>\n\t\t<div class=\"elementor-element elementor-element-f22ccf9 e-flex e-con-boxed e-con e-parent\" data-id=\"f22ccf9\" data-element_type=\"container\">\n\t\t\t\t\t<div class=\"e-con-inner\">\n\t\t<div class=\"elementor-element elementor-element-1f9baa8 e-con-full e-flex e-con e-child\" data-id=\"1f9baa8\" data-element_type=\"container\">\n\t\t\t\t<div class=\"elementor-element elementor-element-02783b7 elementor-widget elementor-widget-image\" data-id=\"02783b7\" data-element_type=\"widget\" data-widget_type=\"image.default\">\n\t\t\t\t<div class=\"elementor-widget-container\">\n\t\t\t\t\t\t\t\t\t\t\t\t\t\t\t<img fetchpriority=\"high\" decoding=\"async\" width=\"681\" height=\"1024\" src=\"https:\/\/croatianshepherddog.com\/wp-content\/uploads\/2025\/05\/stit-i-pas-681x1024.jpeg\" class=\"attachment-large size-large wp-image-39\" alt=\"virtualni muzej Hrvatskog ov\u010dara\" srcset=\"https:\/\/croatianshepherddog.com\/wp-content\/uploads\/2025\/05\/stit-i-pas-681x1024.jpeg 681w, https:\/\/croatianshepherddog.com\/wp-content\/uploads\/2025\/05\/stit-i-pas-200x300.jpeg 200w, https:\/\/croatianshepherddog.com\/wp-content\/uploads\/2025\/05\/stit-i-pas-768x1154.jpeg 768w, https:\/\/croatianshepherddog.com\/wp-content\/uploads\/2025\/05\/stit-i-pas-8x12.jpeg 8w, https:\/\/croatianshepherddog.com\/wp-content\/uploads\/2025\/05\/stit-i-pas.jpeg 960w\" sizes=\"(max-width: 681px) 100vw, 681px\" \/>\t\t\t\t\t\t\t\t\t\t\t\t\t\t\t<\/div>\n\t\t\t\t<\/div>\n\t\t\t\t<\/div>\n\t\t<div class=\"elementor-element elementor-element-baa872a e-con-full e-flex e-con e-child\" data-id=\"baa872a\" data-element_type=\"container\">\n\t\t\t\t<div class=\"elementor-element elementor-element-b81e885 elementor-widget elementor-widget-heading\" data-id=\"b81e885\" data-element_type=\"widget\" data-widget_type=\"heading.default\">\n\t\t\t\t<div class=\"elementor-widget-container\">\n\t\t\t\t\t<h2 class=\"elementor-heading-title elementor-size-default\">Ancient roots<\/h2>\t\t\t\t<\/div>\n\t\t\t\t<\/div>\n\t\t\t\t<div class=\"elementor-element elementor-element-240b66b elementor-widget elementor-widget-text-editor\" data-id=\"240b66b\" data-element_type=\"widget\" data-widget_type=\"text-editor.default\">\n\t\t\t\t<div class=\"elementor-widget-container\">\n\t\t\t\t\t\t\t\t\t<div><p>The Croatian Shepherd Dog, also known as the Croatian Sheepdog, has a rich history reaching deep into the past. The earliest written records date back to 1374, when Petar, Bishop of \u0110akovo, noted that the Croats brought a black dog from their ancestral homeland. This dog, about 45 cm tall, with a lively temperament and moderately long to curly hair, was named Canis pastoralis croaticus or Croatian Shepherd Dog. Some authors believe these dogs are descendants of the so-called Pfahlbauhund (\"pile-dwelling dog\")\u2014an ancient dog type living in Neolithic stilt settlements across Central Europe.<\/p><\/div>\t\t\t\t\t\t\t\t<\/div>\n\t\t\t\t<\/div>\n\t\t\t\t<\/div>\n\t\t\t\t\t<\/div>\n\t\t\t\t<\/div>\n\t\t<div class=\"elementor-element elementor-element-da0d462 e-flex e-con-boxed e-con e-parent\" data-id=\"da0d462\" data-element_type=\"container\">\n\t\t\t\t\t<div class=\"e-con-inner\">\n\t\t<div class=\"elementor-element elementor-element-d0a8ee5 e-con-full e-flex e-con e-child\" data-id=\"d0a8ee5\" data-element_type=\"container\" data-settings=\"{&quot;background_background&quot;:&quot;classic&quot;}\">\n\t\t\t\t<div class=\"elementor-element elementor-element-13d3a46 elementor-widget elementor-widget-heading\" data-id=\"13d3a46\" data-element_type=\"widget\" data-widget_type=\"heading.default\">\n\t\t\t\t<div class=\"elementor-widget-container\">\n\t\t\t\t\t<h2 class=\"elementor-heading-title elementor-size-default\">Development over the centuries<\/h2>\t\t\t\t<\/div>\n\t\t\t\t<\/div>\n\t\t\t\t<div class=\"elementor-element elementor-element-0f12f40 elementor-widget elementor-widget-text-editor\" data-id=\"0f12f40\" data-element_type=\"widget\" data-widget_type=\"text-editor.default\">\n\t\t\t\t<div class=\"elementor-widget-container\">\n\t\t\t\t\t\t\t\t\t<div><p>Over the centuries, the Croatian Shepherd Dog adapted to the needs of Croatian herders, evolving into a versatile working dog. Its role in herding sheep and cattle was crucial for the survival and prosperity of rural communities. Interestingly, the breed's appearance and characteristics remained relatively unchanged from the 14th to the 18th century, testifying to its perfect adaptation to local conditions.<\/p><\/div>\t\t\t\t\t\t\t\t<\/div>\n\t\t\t\t<\/div>\n\t\t\t\t<\/div>\n\t\t<div class=\"elementor-element elementor-element-14398c3 e-con-full e-flex e-con e-child\" data-id=\"14398c3\" data-element_type=\"container\">\n\t\t<div class=\"elementor-element elementor-element-de2030c e-grid e-con-full e-con e-child\" data-id=\"de2030c\" data-element_type=\"container\">\n\t\t\t\t<div class=\"elementor-element elementor-element-b6dee9a elementor-widget elementor-widget-image\" data-id=\"b6dee9a\" data-element_type=\"widget\" data-widget_type=\"image.default\">\n\t\t\t\t<div class=\"elementor-widget-container\">\n\t\t\t\t\t\t\t\t\t\t\t\t\t\t\t<img decoding=\"async\" width=\"681\" height=\"1024\" src=\"https:\/\/croatianshepherddog.com\/wp-content\/uploads\/2025\/05\/ancient-681x1024.jpeg\" class=\"attachment-large size-large wp-image-25\" alt=\"virtualni muzej Hrvatskog ov\u010dara\" srcset=\"https:\/\/croatianshepherddog.com\/wp-content\/uploads\/2025\/05\/ancient-681x1024.jpeg 681w, https:\/\/croatianshepherddog.com\/wp-content\/uploads\/2025\/05\/ancient-200x300.jpeg 200w, https:\/\/croatianshepherddog.com\/wp-content\/uploads\/2025\/05\/ancient-768x1154.jpeg 768w, https:\/\/croatianshepherddog.com\/wp-content\/uploads\/2025\/05\/ancient-8x12.jpeg 8w, https:\/\/croatianshepherddog.com\/wp-content\/uploads\/2025\/05\/ancient.jpeg 934w\" sizes=\"(max-width: 681px) 100vw, 681px\" \/>\t\t\t\t\t\t\t\t\t\t\t\t\t\t\t<\/div>\n\t\t\t\t<\/div>\n\t\t\t\t<div class=\"elementor-element elementor-element-5507792 elementor-widget elementor-widget-image\" data-id=\"5507792\" data-element_type=\"widget\" data-widget_type=\"image.default\">\n\t\t\t\t<div class=\"elementor-widget-container\">\n\t\t\t\t\t\t\t\t\t\t\t\t\t\t\t<img decoding=\"async\" width=\"722\" height=\"1024\" src=\"https:\/\/croatianshepherddog.com\/wp-content\/uploads\/2025\/05\/IMG_20230927_160642-722x1024.jpg\" class=\"attachment-large size-large wp-image-34\" alt=\"virtualni muzej Hrvatskog ov\u010dara\" srcset=\"https:\/\/croatianshepherddog.com\/wp-content\/uploads\/2025\/05\/IMG_20230927_160642-722x1024.jpg 722w, https:\/\/croatianshepherddog.com\/wp-content\/uploads\/2025\/05\/IMG_20230927_160642-211x300.jpg 211w, https:\/\/croatianshepherddog.com\/wp-content\/uploads\/2025\/05\/IMG_20230927_160642-768x1089.jpg 768w, https:\/\/croatianshepherddog.com\/wp-content\/uploads\/2025\/05\/IMG_20230927_160642-8x12.jpg 8w, https:\/\/croatianshepherddog.com\/wp-content\/uploads\/2025\/05\/IMG_20230927_160642.jpg 1080w\" sizes=\"(max-width: 722px) 100vw, 722px\" \/>\t\t\t\t\t\t\t\t\t\t\t\t\t\t\t<\/div>\n\t\t\t\t<\/div>\n\t\t\t\t<\/div>\n\t\t\t\t<\/div>\n\t\t\t\t\t<\/div>\n\t\t\t\t<\/div>\n\t\t<div class=\"elementor-element elementor-element-965ad9d e-flex e-con-boxed e-con e-parent\" data-id=\"965ad9d\" data-element_type=\"container\">\n\t\t\t\t\t<div class=\"e-con-inner\">\n\t\t<div class=\"elementor-element elementor-element-f5caf05 e-con-full e-flex e-con e-child\" data-id=\"f5caf05\" data-element_type=\"container\">\n\t\t\t\t<div class=\"elementor-element elementor-element-a10857d elementor-widget elementor-widget-heading\" data-id=\"a10857d\" data-element_type=\"widget\" data-widget_type=\"heading.default\">\n\t\t\t\t<div class=\"elementor-widget-container\">\n\t\t\t\t\t<h2 class=\"elementor-heading-title elementor-size-default\">Modern era<\/h2>\t\t\t\t<\/div>\n\t\t\t\t<\/div>\n\t\t\t\t<div class=\"elementor-element elementor-element-b6bf22e elementor-widget elementor-widget-text-editor\" data-id=\"b6bf22e\" data-element_type=\"widget\" data-widget_type=\"text-editor.default\">\n\t\t\t\t<div class=\"elementor-widget-container\">\n\t\t\t\t\t\t\t\t\t<div><div><div><p>A turning point occurred in 1935, when Otto Rohr began systematic breeding of the Croatian Shepherd Dog. His efforts led to official FCI recognition in 1969, giving the breed its rightful place among world dog breeds.<\/p><\/div><\/div><\/div>\t\t\t\t\t\t\t\t<\/div>\n\t\t\t\t<\/div>\n\t\t\t\t<\/div>\n\t\t<div class=\"elementor-element elementor-element-7b28dc3 e-con-full e-flex e-con e-child\" data-id=\"7b28dc3\" data-element_type=\"container\" data-settings=\"{&quot;background_background&quot;:&quot;classic&quot;}\">\n\t\t\t\t<div class=\"elementor-element elementor-element-dac2ed1 elementor-widget elementor-widget-image\" data-id=\"dac2ed1\" data-element_type=\"widget\" data-widget_type=\"image.default\">\n\t\t\t\t<div class=\"elementor-widget-container\">\n\t\t\t\t\t\t\t\t\t\t\t\t\t\t\t<img loading=\"lazy\" decoding=\"async\" width=\"761\" height=\"1024\" src=\"https:\/\/croatianshepherddog.com\/wp-content\/uploads\/2025\/05\/IMG_20230927_151136-761x1024.jpg\" class=\"attachment-large size-large wp-image-33\" alt=\"virtualni muzej Hrvatskog ov\u010dara\" srcset=\"https:\/\/croatianshepherddog.com\/wp-content\/uploads\/2025\/05\/IMG_20230927_151136-761x1024.jpg 761w, https:\/\/croatianshepherddog.com\/wp-content\/uploads\/2025\/05\/IMG_20230927_151136-223x300.jpg 223w, https:\/\/croatianshepherddog.com\/wp-content\/uploads\/2025\/05\/IMG_20230927_151136-768x1033.jpg 768w, https:\/\/croatianshepherddog.com\/wp-content\/uploads\/2025\/05\/IMG_20230927_151136-9x12.jpg 9w, https:\/\/croatianshepherddog.com\/wp-content\/uploads\/2025\/05\/IMG_20230927_151136.jpg 1080w\" sizes=\"(max-width: 761px) 100vw, 761px\" \/>\t\t\t\t\t\t\t\t\t\t\t\t\t\t\t<\/div>\n\t\t\t\t<\/div>\n\t\t\t\t<\/div>\n\t\t\t\t\t<\/div>\n\t\t\t\t<\/div>\n\t\t<div class=\"elementor-element elementor-element-7b69bb0 e-flex e-con-boxed e-con e-parent\" data-id=\"7b69bb0\" data-element_type=\"container\">\n\t\t\t\t\t<div class=\"e-con-inner\">\n\t\t<div class=\"elementor-element elementor-element-cdea212 e-con-full e-flex e-con e-child\" data-id=\"cdea212\" data-element_type=\"container\" data-settings=\"{&quot;background_background&quot;:&quot;classic&quot;}\">\n\t\t\t\t<div class=\"elementor-element elementor-element-922b8a5 elementor-widget elementor-widget-image\" data-id=\"922b8a5\" data-element_type=\"widget\" data-widget_type=\"image.default\">\n\t\t\t\t<div class=\"elementor-widget-container\">\n\t\t\t\t\t\t\t\t\t\t\t\t\t\t\t<img loading=\"lazy\" decoding=\"async\" width=\"266\" height=\"455\" src=\"https:\/\/croatianshepherddog.com\/wp-content\/uploads\/2025\/05\/image.png\" class=\"attachment-large size-large wp-image-51\" alt=\"\" srcset=\"https:\/\/croatianshepherddog.com\/wp-content\/uploads\/2025\/05\/image.png 266w, https:\/\/croatianshepherddog.com\/wp-content\/uploads\/2025\/05\/image-175x300.png 175w, https:\/\/croatianshepherddog.com\/wp-content\/uploads\/2025\/05\/image-7x12.png 7w\" sizes=\"(max-width: 266px) 100vw, 266px\" \/>\t\t\t\t\t\t\t\t\t\t\t\t\t\t\t<\/div>\n\t\t\t\t<\/div>\n\t\t\t\t<\/div>\n\t\t<div class=\"elementor-element elementor-element-45d3185 e-con-full e-flex e-con e-child\" data-id=\"45d3185\" data-element_type=\"container\">\n\t\t\t\t<div class=\"elementor-element elementor-element-2bf2cda elementor-widget elementor-widget-heading\" data-id=\"2bf2cda\" data-element_type=\"widget\" data-widget_type=\"heading.default\">\n\t\t\t\t<div class=\"elementor-widget-container\">\n\t\t\t\t\t<h2 class=\"elementor-heading-title elementor-size-default\">Cultural heritage<\/h2>\t\t\t\t<\/div>\n\t\t\t\t<\/div>\n\t\t\t\t<div class=\"elementor-element elementor-element-d73bdd3 elementor-widget elementor-widget-text-editor\" data-id=\"d73bdd3\" data-element_type=\"widget\" data-widget_type=\"text-editor.default\">\n\t\t\t\t<div class=\"elementor-widget-container\">\n\t\t\t\t\t\t\t\t\t<p>The Croatian Shepherd Dog is not only a working dog but an essential part of Croatian cultural heritage, symbolizing the connection between Croats and their land and pastoral tradition. At festivals and celebrations in Eastern Croatia, this breed often holds a place of honor, reflecting its long-standing role in Croatian life.\nA notable depiction of the breed can be seen in Vinkovci, in Josip Kozarac Street, where a monument to St. Roko shows the saint with a dog of curly fur and about 45 cm in height. Though the sculptor is unknown, the statue was restored in 1935 and is believed to be around 200 years old.<\/p><div><div><p>Today, the Croatian Shepherd Dog continues to win hearts worldwide, serving not only as a loyal working dog but also as a living symbol of Croatia\u2019s rich history and tradition.<\/p><\/div><\/div>\t\t\t\t\t\t\t\t<\/div>\n\t\t\t\t<\/div>\n\t\t\t\t<\/div>\n\t\t\t\t\t<\/div>\n\t\t\t\t<\/div>\n\t\t\t\t<\/div>","protected":false},"excerpt":{"rendered":"<p>Povijest pasmine: Hrvatski ov\u010dar &#8211; \u010duvar hrvatske ba\u0161tine Drevni korijeni Hrvatski ov\u010dar, poznat i kao Hrvatski ov\u010darski pas, ima bogatu povijest koja se\u017ee duboko u pro\u0161lost. Najraniji pisani zapisi o ovoj pasmini datiraju iz davne 1374. godine, kada je Petar, biskup \u0110akova, naveo da su Hrvati iz svoje pradomovine doveli crnog psa, visokog tri pedlja [&hellip;]<\/p>","protected":false},"author":1,"featured_media":0,"parent":0,"menu_order":0,"comment_status":"closed","ping_status":"closed","template":"elementor_header_footer","meta":{"footnotes":""},"class_list":["post-49","page","type-page","status-publish","hentry"],"yoast_head":"<!-- This site is optimized with the Yoast SEO plugin v25.1 - https:\/\/yoast.com\/wordpress\/plugins\/seo\/ -->\n<title>Povijest pasmine - Virtualni Muzej Hrvatskog ov\u010dara<\/title>\n<meta name=\"robots\" content=\"index, follow, max-snippet:-1, max-image-preview:large, max-video-preview:-1\" \/>\n<link rel=\"canonical\" href=\"https:\/\/croatianshepherddog.com\/en\/povijest-pasmine\/\" \/>\n<meta property=\"og:locale\" content=\"en_GB\" \/>\n<meta property=\"og:type\" content=\"article\" \/>\n<meta property=\"og:title\" content=\"Povijest pasmine - Virtualni Muzej Hrvatskog ov\u010dara\" \/>\n<meta property=\"og:description\" content=\"Povijest pasmine: Hrvatski ov\u010dar &#8211; \u010duvar hrvatske ba\u0161tine Drevni korijeni Hrvatski ov\u010dar, poznat i kao Hrvatski ov\u010darski pas, ima bogatu povijest koja se\u017ee duboko u pro\u0161lost. Najraniji pisani zapisi o ovoj pasmini datiraju iz davne 1374. godine, kada je Petar, biskup \u0110akova, naveo da su Hrvati iz svoje pradomovine doveli crnog psa, visokog tri pedlja [&hellip;]\" \/>\n<meta property=\"og:url\" content=\"https:\/\/croatianshepherddog.com\/en\/povijest-pasmine\/\" \/>\n<meta property=\"og:site_name\" content=\"Virtualni Muzej Hrvatskog ov\u010dara\" \/>\n<meta property=\"article:modified_time\" content=\"2025-06-25T12:05:51+00:00\" \/>\n<meta property=\"og:image\" content=\"https:\/\/croatianshepherddog.com\/wp-content\/uploads\/2025\/05\/stit-i-pas.jpeg\" \/>\n\t<meta property=\"og:image:width\" content=\"960\" \/>\n\t<meta property=\"og:image:height\" content=\"1443\" \/>\n\t<meta property=\"og:image:type\" content=\"image\/jpeg\" \/>\n<meta name=\"twitter:card\" content=\"summary_large_image\" \/>\n<meta name=\"twitter:label1\" content=\"Estimated reading time\" \/>\n\t<meta name=\"twitter:data1\" content=\"3 minutes\" \/>\n<script type=\"application\/ld+json\" class=\"yoast-schema-graph\">{\"@context\":\"https:\/\/schema.org\",\"@graph\":[{\"@type\":\"WebPage\",\"@id\":\"https:\/\/croatianshepherddog.com\/povijest-pasmine\/\",\"url\":\"https:\/\/croatianshepherddog.com\/povijest-pasmine\/\",\"name\":\"Povijest pasmine - Virtualni Muzej Hrvatskog ov\u010dara\",\"isPartOf\":{\"@id\":\"https:\/\/croatianshepherddog.com\/#website\"},\"primaryImageOfPage\":{\"@id\":\"https:\/\/croatianshepherddog.com\/povijest-pasmine\/#primaryimage\"},\"image\":{\"@id\":\"https:\/\/croatianshepherddog.com\/povijest-pasmine\/#primaryimage\"},\"thumbnailUrl\":\"https:\/\/croatianshepherddog.com\/wp-content\/uploads\/2025\/05\/stit-i-pas-681x1024.jpeg\",\"datePublished\":\"2025-05-16T19:22:55+00:00\",\"dateModified\":\"2025-06-25T12:05:51+00:00\",\"breadcrumb\":{\"@id\":\"https:\/\/croatianshepherddog.com\/povijest-pasmine\/#breadcrumb\"},\"inLanguage\":\"en-GB\",\"potentialAction\":[{\"@type\":\"ReadAction\",\"target\":[\"https:\/\/croatianshepherddog.com\/povijest-pasmine\/\"]}]},{\"@type\":\"ImageObject\",\"inLanguage\":\"en-GB\",\"@id\":\"https:\/\/croatianshepherddog.com\/povijest-pasmine\/#primaryimage\",\"url\":\"https:\/\/croatianshepherddog.com\/wp-content\/uploads\/2025\/05\/stit-i-pas-681x1024.jpeg\",\"contentUrl\":\"https:\/\/croatianshepherddog.com\/wp-content\/uploads\/2025\/05\/stit-i-pas-681x1024.jpeg\"},{\"@type\":\"BreadcrumbList\",\"@id\":\"https:\/\/croatianshepherddog.com\/povijest-pasmine\/#breadcrumb\",\"itemListElement\":[{\"@type\":\"ListItem\",\"position\":1,\"name\":\"Home\",\"item\":\"https:\/\/croatianshepherddog.com\/\"},{\"@type\":\"ListItem\",\"position\":2,\"name\":\"Povijest pasmine\"}]},{\"@type\":\"WebSite\",\"@id\":\"https:\/\/croatianshepherddog.com\/#website\",\"url\":\"https:\/\/croatianshepherddog.com\/\",\"name\":\"Virtualni Muzej Hrvatskog ov\u010dara\",\"description\":\"Autohtona hrvatska pasmina\",\"publisher\":{\"@id\":\"https:\/\/croatianshepherddog.com\/#organization\"},\"potentialAction\":[{\"@type\":\"SearchAction\",\"target\":{\"@type\":\"EntryPoint\",\"urlTemplate\":\"https:\/\/croatianshepherddog.com\/?s={search_term_string}\"},\"query-input\":{\"@type\":\"PropertyValueSpecification\",\"valueRequired\":true,\"valueName\":\"search_term_string\"}}],\"inLanguage\":\"en-GB\"},{\"@type\":\"Organization\",\"@id\":\"https:\/\/croatianshepherddog.com\/#organization\",\"name\":\"Virtualni Muzej Hrvatskog ov\u010dara\",\"url\":\"https:\/\/croatianshepherddog.com\/\",\"logo\":{\"@type\":\"ImageObject\",\"inLanguage\":\"en-GB\",\"@id\":\"https:\/\/croatianshepherddog.com\/#\/schema\/logo\/image\/\",\"url\":\"https:\/\/croatianshepherddog.com\/wp-content\/uploads\/2025\/05\/image-3-1.png\",\"contentUrl\":\"https:\/\/croatianshepherddog.com\/wp-content\/uploads\/2025\/05\/image-3-1.png\",\"width\":245,\"height\":225,\"caption\":\"Virtualni Muzej Hrvatskog ov\u010dara\"},\"image\":{\"@id\":\"https:\/\/croatianshepherddog.com\/#\/schema\/logo\/image\/\"}}]}<\/script>\n<!-- \/ Yoast SEO plugin. -->","yoast_head_json":{"title":"Povijest pasmine - Virtualni Muzej Hrvatskog ov\u010dara","robots":{"index":"index","follow":"follow","max-snippet":"max-snippet:-1","max-image-preview":"max-image-preview:large","max-video-preview":"max-video-preview:-1"},"canonical":"https:\/\/croatianshepherddog.com\/en\/povijest-pasmine\/","og_locale":"en_GB","og_type":"article","og_title":"Povijest pasmine - Virtualni Muzej Hrvatskog ov\u010dara","og_description":"Povijest pasmine: Hrvatski ov\u010dar &#8211; \u010duvar hrvatske ba\u0161tine Drevni korijeni Hrvatski ov\u010dar, poznat i kao Hrvatski ov\u010darski pas, ima bogatu povijest koja se\u017ee duboko u pro\u0161lost. Najraniji pisani zapisi o ovoj pasmini datiraju iz davne 1374. godine, kada je Petar, biskup \u0110akova, naveo da su Hrvati iz svoje pradomovine doveli crnog psa, visokog tri pedlja [&hellip;]","og_url":"https:\/\/croatianshepherddog.com\/en\/povijest-pasmine\/","og_site_name":"Virtualni Muzej Hrvatskog ov\u010dara","article_modified_time":"2025-06-25T12:05:51+00:00","og_image":[{"width":960,"height":1443,"url":"https:\/\/croatianshepherddog.com\/wp-content\/uploads\/2025\/05\/stit-i-pas.jpeg","type":"image\/jpeg"}],"twitter_card":"summary_large_image","twitter_misc":{"Estimated reading time":"3 minutes"},"schema":{"@context":"https:\/\/schema.org","@graph":[{"@type":"WebPage","@id":"https:\/\/croatianshepherddog.com\/povijest-pasmine\/","url":"https:\/\/croatianshepherddog.com\/povijest-pasmine\/","name":"Povijest pasmine - Virtualni Muzej Hrvatskog ov\u010dara","isPartOf":{"@id":"https:\/\/croatianshepherddog.com\/#website"},"primaryImageOfPage":{"@id":"https:\/\/croatianshepherddog.com\/povijest-pasmine\/#primaryimage"},"image":{"@id":"https:\/\/croatianshepherddog.com\/povijest-pasmine\/#primaryimage"},"thumbnailUrl":"https:\/\/croatianshepherddog.com\/wp-content\/uploads\/2025\/05\/stit-i-pas-681x1024.jpeg","datePublished":"2025-05-16T19:22:55+00:00","dateModified":"2025-06-25T12:05:51+00:00","breadcrumb":{"@id":"https:\/\/croatianshepherddog.com\/povijest-pasmine\/#breadcrumb"},"inLanguage":"en-GB","potentialAction":[{"@type":"ReadAction","target":["https:\/\/croatianshepherddog.com\/povijest-pasmine\/"]}]},{"@type":"ImageObject","inLanguage":"en-GB","@id":"https:\/\/croatianshepherddog.com\/povijest-pasmine\/#primaryimage","url":"https:\/\/croatianshepherddog.com\/wp-content\/uploads\/2025\/05\/stit-i-pas-681x1024.jpeg","contentUrl":"https:\/\/croatianshepherddog.com\/wp-content\/uploads\/2025\/05\/stit-i-pas-681x1024.jpeg"},{"@type":"BreadcrumbList","@id":"https:\/\/croatianshepherddog.com\/povijest-pasmine\/#breadcrumb","itemListElement":[{"@type":"ListItem","position":1,"name":"Home","item":"https:\/\/croatianshepherddog.com\/"},{"@type":"ListItem","position":2,"name":"Povijest pasmine"}]},{"@type":"WebSite","@id":"https:\/\/croatianshepherddog.com\/#website","url":"https:\/\/croatianshepherddog.com\/","name":"Virtualni Muzej Hrvatskog ov\u010dara","description":"Autohtona hrvatska pasmina","publisher":{"@id":"https:\/\/croatianshepherddog.com\/#organization"},"potentialAction":[{"@type":"SearchAction","target":{"@type":"EntryPoint","urlTemplate":"https:\/\/croatianshepherddog.com\/?s={search_term_string}"},"query-input":{"@type":"PropertyValueSpecification","valueRequired":true,"valueName":"search_term_string"}}],"inLanguage":"en-GB"},{"@type":"Organization","@id":"https:\/\/croatianshepherddog.com\/#organization","name":"Virtualni Muzej Hrvatskog ov\u010dara","url":"https:\/\/croatianshepherddog.com\/","logo":{"@type":"ImageObject","inLanguage":"en-GB","@id":"https:\/\/croatianshepherddog.com\/#\/schema\/logo\/image\/","url":"https:\/\/croatianshepherddog.com\/wp-content\/uploads\/2025\/05\/image-3-1.png","contentUrl":"https:\/\/croatianshepherddog.com\/wp-content\/uploads\/2025\/05\/image-3-1.png","width":245,"height":225,"caption":"Virtualni Muzej Hrvatskog ov\u010dara"},"image":{"@id":"https:\/\/croatianshepherddog.com\/#\/schema\/logo\/image\/"}}]}},"_links":{"self":[{"href":"https:\/\/croatianshepherddog.com\/en\/wp-json\/wp\/v2\/pages\/49","targetHints":{"allow":["GET"]}}],"collection":[{"href":"https:\/\/croatianshepherddog.com\/en\/wp-json\/wp\/v2\/pages"}],"about":[{"href":"https:\/\/croatianshepherddog.com\/en\/wp-json\/wp\/v2\/types\/page"}],"author":[{"embeddable":true,"href":"https:\/\/croatianshepherddog.com\/en\/wp-json\/wp\/v2\/users\/1"}],"replies":[{"embeddable":true,"href":"https:\/\/croatianshepherddog.com\/en\/wp-json\/wp\/v2\/comments?post=49"}],"version-history":[{"count":3,"href":"https:\/\/croatianshepherddog.com\/en\/wp-json\/wp\/v2\/pages\/49\/revisions"}],"predecessor-version":[{"id":282,"href":"https:\/\/croatianshepherddog.com\/en\/wp-json\/wp\/v2\/pages\/49\/revisions\/282"}],"wp:attachment":[{"href":"https:\/\/croatianshepherddog.com\/en\/wp-json\/wp\/v2\/media?parent=49"}],"curies":[{"name":"wp","href":"https:\/\/api.w.org\/{rel}","templated":true}]}}