{"id":55,"date":"2025-05-16T19:23:00","date_gmt":"2025-05-16T19:23:00","guid":{"rendered":"https:\/\/croatianshepherddog.com\/?page_id=55"},"modified":"2025-06-25T12:06:24","modified_gmt":"2025-06-25T12:06:24","slug":"standard-pasmine","status":"publish","type":"page","link":"https:\/\/croatianshepherddog.com\/en\/standard-pasmine\/","title":{"rendered":"Breed standard"},"content":{"rendered":"<div data-elementor-type=\"wp-page\" data-elementor-id=\"55\" class=\"elementor elementor-55\" data-elementor-post-type=\"page\">\n\t\t\t\t<div class=\"elementor-element elementor-element-3fa4853 e-flex e-con-boxed e-con e-parent\" data-id=\"3fa4853\" data-element_type=\"container\">\n\t\t\t\t\t<div class=\"e-con-inner\">\n\t\t<div class=\"elementor-element elementor-element-5586835 e-con-full e-flex e-con e-child\" data-id=\"5586835\" data-element_type=\"container\">\n\t\t\t\t<div class=\"elementor-element elementor-element-819a442 elementor-widget elementor-widget-heading\" data-id=\"819a442\" data-element_type=\"widget\" data-widget_type=\"heading.default\">\n\t\t\t\t<div class=\"elementor-widget-container\">\n\t\t\t\t\t<h2 class=\"elementor-heading-title elementor-size-default\">Breed standard<\/h2>\t\t\t\t<\/div>\n\t\t\t\t<\/div>\n\t\t\t\t<div class=\"elementor-element elementor-element-874e698 elementor-widget elementor-widget-text-editor\" data-id=\"874e698\" data-element_type=\"widget\" data-widget_type=\"text-editor.default\">\n\t\t\t\t<div class=\"elementor-widget-container\">\n\t\t\t\t\t\t\t\t\t<div><div><div><p>Officially recognized by the FCI (F\u00e9d\u00e9ration Cynologique Internationale) in 1969, the Croatian Shepherd Dog received FCI number 277 and is classified in the herding and cattle dog group.<\/p><\/div><\/div><\/div>\t\t\t\t\t\t\t\t<\/div>\n\t\t\t\t<\/div>\n\t\t\t\t<div class=\"elementor-element elementor-element-21bada4 elementor-align-left elementor-mobile-align-center elementor-widget elementor-widget-button\" data-id=\"21bada4\" data-element_type=\"widget\" data-widget_type=\"button.default\">\n\t\t\t\t<div class=\"elementor-widget-container\">\n\t\t\t\t\t\t\t\t\t<div class=\"elementor-button-wrapper\">\n\t\t\t\t\t<a class=\"elementor-button elementor-button-link elementor-size-sm\" href=\"https:\/\/www.fci.be\/nomenclature\/Standards\/277g01-en.pdf\">\n\t\t\t\t\t\t<span class=\"elementor-button-content-wrapper\">\n\t\t\t\t\t\t\t\t\t<span class=\"elementor-button-text\">Learn more<\/span>\n\t\t\t\t\t<\/span>\n\t\t\t\t\t<\/a>\n\t\t\t\t<\/div>\n\t\t\t\t\t\t\t\t<\/div>\n\t\t\t\t<\/div>\n\t\t\t\t<\/div>\n\t\t<div class=\"elementor-element elementor-element-ae5a338 e-con-full e-flex e-con e-child\" data-id=\"ae5a338\" data-element_type=\"container\">\n\t\t\t\t<div class=\"elementor-element elementor-element-0ff7131 elementor-widget elementor-widget-image\" data-id=\"0ff7131\" data-element_type=\"widget\" data-widget_type=\"image.default\">\n\t\t\t\t<div class=\"elementor-widget-container\">\n\t\t\t\t\t\t\t\t\t\t\t\t\t\t\t<img fetchpriority=\"high\" decoding=\"async\" width=\"800\" height=\"599\" src=\"https:\/\/croatianshepherddog.com\/wp-content\/uploads\/2025\/05\/WhatsApp-Image-2025-03-04-at-06.34.07-1024x767.jpeg\" class=\"attachment-large size-large wp-image-42\" alt=\"\" srcset=\"https:\/\/croatianshepherddog.com\/wp-content\/uploads\/2025\/05\/WhatsApp-Image-2025-03-04-at-06.34.07-1024x767.jpeg 1024w, https:\/\/croatianshepherddog.com\/wp-content\/uploads\/2025\/05\/WhatsApp-Image-2025-03-04-at-06.34.07-300x225.jpeg 300w, https:\/\/croatianshepherddog.com\/wp-content\/uploads\/2025\/05\/WhatsApp-Image-2025-03-04-at-06.34.07-768x576.jpeg 768w, https:\/\/croatianshepherddog.com\/wp-content\/uploads\/2025\/05\/WhatsApp-Image-2025-03-04-at-06.34.07-1536x1151.jpeg 1536w, https:\/\/croatianshepherddog.com\/wp-content\/uploads\/2025\/05\/WhatsApp-Image-2025-03-04-at-06.34.07-16x12.jpeg 16w, https:\/\/croatianshepherddog.com\/wp-content\/uploads\/2025\/05\/WhatsApp-Image-2025-03-04-at-06.34.07.jpeg 1600w\" sizes=\"(max-width: 800px) 100vw, 800px\" \/>\t\t\t\t\t\t\t\t\t\t\t\t\t\t\t<\/div>\n\t\t\t\t<\/div>\n\t\t\t\t<\/div>\n\t\t\t\t\t<\/div>\n\t\t\t\t<\/div>\n\t\t<div class=\"elementor-element elementor-element-3a0522f e-flex e-con-boxed e-con e-parent\" data-id=\"3a0522f\" data-element_type=\"container\" data-settings=\"{&quot;background_background&quot;:&quot;classic&quot;}\">\n\t\t\t\t\t<div class=\"e-con-inner\">\n\t\t<div class=\"elementor-element elementor-element-d23f79e e-con-full e-flex e-con e-child\" data-id=\"d23f79e\" data-element_type=\"container\" data-settings=\"{&quot;background_background&quot;:&quot;classic&quot;}\">\n\t\t\t\t<div class=\"elementor-element elementor-element-601771c elementor-widget elementor-widget-heading\" data-id=\"601771c\" data-element_type=\"widget\" data-widget_type=\"heading.default\">\n\t\t\t\t<div class=\"elementor-widget-container\">\n\t\t\t\t\t<h2 class=\"elementor-heading-title elementor-size-default\">Physical characteristics<\/h2>\t\t\t\t<\/div>\n\t\t\t\t<\/div>\n\t\t<div class=\"elementor-element elementor-element-f111d77 e-grid e-con-full e-con e-child\" data-id=\"f111d77\" data-element_type=\"container\">\n\t\t\t\t<div class=\"elementor-element elementor-element-370c696 elementor-position-top elementor-widget elementor-widget-image-box\" data-id=\"370c696\" data-element_type=\"widget\" data-widget_type=\"image-box.default\">\n\t\t\t\t<div class=\"elementor-widget-container\">\n\t\t\t\t\t<div class=\"elementor-image-box-wrapper\"><figure class=\"elementor-image-box-img\"><img decoding=\"async\" width=\"1222\" height=\"769\" src=\"https:\/\/croatianshepherddog.com\/wp-content\/uploads\/2025\/05\/svi-psi-zajedno.jpeg\" class=\"attachment-full size-full wp-image-40\" alt=\"virtualni muzej Hrvatskog ov\u010dara\" srcset=\"https:\/\/croatianshepherddog.com\/wp-content\/uploads\/2025\/05\/svi-psi-zajedno.jpeg 1222w, https:\/\/croatianshepherddog.com\/wp-content\/uploads\/2025\/05\/svi-psi-zajedno-300x189.jpeg 300w, https:\/\/croatianshepherddog.com\/wp-content\/uploads\/2025\/05\/svi-psi-zajedno-1024x644.jpeg 1024w, https:\/\/croatianshepherddog.com\/wp-content\/uploads\/2025\/05\/svi-psi-zajedno-768x483.jpeg 768w, https:\/\/croatianshepherddog.com\/wp-content\/uploads\/2025\/05\/svi-psi-zajedno-18x12.jpeg 18w\" sizes=\"(max-width: 1222px) 100vw, 1222px\" \/><\/figure><div class=\"elementor-image-box-content\"><h3 class=\"elementor-image-box-title\">Height<\/h3><p class=\"elementor-image-box-description\">Males 45\u201350 cm, females 43\u201348 cm \u2013 a perfect balance of compactness and strength.<\/p><\/div><\/div>\t\t\t\t<\/div>\n\t\t\t\t<\/div>\n\t\t\t\t<div class=\"elementor-element elementor-element-c11dad9 elementor-position-top elementor-widget elementor-widget-image-box\" data-id=\"c11dad9\" data-element_type=\"widget\" data-widget_type=\"image-box.default\">\n\t\t\t\t<div class=\"elementor-widget-container\">\n\t\t\t\t\t<div class=\"elementor-image-box-wrapper\"><figure class=\"elementor-image-box-img\"><img decoding=\"async\" width=\"1600\" height=\"1199\" src=\"https:\/\/croatianshepherddog.com\/wp-content\/uploads\/2025\/05\/WhatsApp-Image-2025-03-04-at-06.34.07.jpeg\" class=\"attachment-full size-full wp-image-42\" alt=\"\" srcset=\"https:\/\/croatianshepherddog.com\/wp-content\/uploads\/2025\/05\/WhatsApp-Image-2025-03-04-at-06.34.07.jpeg 1600w, https:\/\/croatianshepherddog.com\/wp-content\/uploads\/2025\/05\/WhatsApp-Image-2025-03-04-at-06.34.07-300x225.jpeg 300w, https:\/\/croatianshepherddog.com\/wp-content\/uploads\/2025\/05\/WhatsApp-Image-2025-03-04-at-06.34.07-1024x767.jpeg 1024w, https:\/\/croatianshepherddog.com\/wp-content\/uploads\/2025\/05\/WhatsApp-Image-2025-03-04-at-06.34.07-768x576.jpeg 768w, https:\/\/croatianshepherddog.com\/wp-content\/uploads\/2025\/05\/WhatsApp-Image-2025-03-04-at-06.34.07-1536x1151.jpeg 1536w, https:\/\/croatianshepherddog.com\/wp-content\/uploads\/2025\/05\/WhatsApp-Image-2025-03-04-at-06.34.07-16x12.jpeg 16w\" sizes=\"(max-width: 1600px) 100vw, 1600px\" \/><\/figure><div class=\"elementor-image-box-content\"><h3 class=\"elementor-image-box-title\">Weight<\/h3><p class=\"elementor-image-box-description\">13\u201320 kg \u2013 light yet muscular.<\/p><\/div><\/div>\t\t\t\t<\/div>\n\t\t\t\t<\/div>\n\t\t\t\t<div class=\"elementor-element elementor-element-3b91e9a elementor-position-top elementor-widget elementor-widget-image-box\" data-id=\"3b91e9a\" data-element_type=\"widget\" data-widget_type=\"image-box.default\">\n\t\t\t\t<div class=\"elementor-widget-container\">\n\t\t\t\t\t<div class=\"elementor-image-box-wrapper\"><figure class=\"elementor-image-box-img\"><img loading=\"lazy\" decoding=\"async\" width=\"1600\" height=\"1224\" src=\"https:\/\/croatianshepherddog.com\/wp-content\/uploads\/2025\/05\/IMG-20210329-WA0026.jpg\" class=\"attachment-full size-full wp-image-23\" alt=\"virtualni muzej Hrvatskog ov\u010dara\" srcset=\"https:\/\/croatianshepherddog.com\/wp-content\/uploads\/2025\/05\/IMG-20210329-WA0026.jpg 1600w, https:\/\/croatianshepherddog.com\/wp-content\/uploads\/2025\/05\/IMG-20210329-WA0026-300x230.jpg 300w, https:\/\/croatianshepherddog.com\/wp-content\/uploads\/2025\/05\/IMG-20210329-WA0026-1024x783.jpg 1024w, https:\/\/croatianshepherddog.com\/wp-content\/uploads\/2025\/05\/IMG-20210329-WA0026-768x588.jpg 768w, https:\/\/croatianshepherddog.com\/wp-content\/uploads\/2025\/05\/IMG-20210329-WA0026-1536x1175.jpg 1536w, https:\/\/croatianshepherddog.com\/wp-content\/uploads\/2025\/05\/IMG-20210329-WA0026-16x12.jpg 16w\" sizes=\"(max-width: 1600px) 100vw, 1600px\" \/><\/figure><div class=\"elementor-image-box-content\"><h3 class=\"elementor-image-box-title\">Coat color<\/h3><p class=\"elementor-image-box-description\">Dominantly black, giving an elegant and mysterious appearance.<\/p><\/div><\/div>\t\t\t\t<\/div>\n\t\t\t\t<\/div>\n\t\t\t\t<div class=\"elementor-element elementor-element-8192d8d elementor-position-top elementor-widget elementor-widget-image-box\" data-id=\"8192d8d\" data-element_type=\"widget\" data-widget_type=\"image-box.default\">\n\t\t\t\t<div class=\"elementor-widget-container\">\n\t\t\t\t\t<div class=\"elementor-image-box-wrapper\"><figure class=\"elementor-image-box-img\"><img loading=\"lazy\" decoding=\"async\" width=\"1329\" height=\"886\" src=\"https:\/\/croatianshepherddog.com\/wp-content\/uploads\/2025\/05\/glava.jpeg\" class=\"attachment-full size-full wp-image-29\" alt=\"virtualni muzej Hrvatskog ov\u010dara\" srcset=\"https:\/\/croatianshepherddog.com\/wp-content\/uploads\/2025\/05\/glava.jpeg 1329w, https:\/\/croatianshepherddog.com\/wp-content\/uploads\/2025\/05\/glava-300x200.jpeg 300w, https:\/\/croatianshepherddog.com\/wp-content\/uploads\/2025\/05\/glava-1024x683.jpeg 1024w, https:\/\/croatianshepherddog.com\/wp-content\/uploads\/2025\/05\/glava-768x512.jpeg 768w, https:\/\/croatianshepherddog.com\/wp-content\/uploads\/2025\/05\/glava-18x12.jpeg 18w\" sizes=\"(max-width: 1329px) 100vw, 1329px\" \/><\/figure><div class=\"elementor-image-box-content\"><h3 class=\"elementor-image-box-title\">Fox-like head<\/h3><p class=\"elementor-image-box-description\">A distinctive \"fox-like\" head gives them an intelligent and alert expression.<\/p><\/div><\/div>\t\t\t\t<\/div>\n\t\t\t\t<\/div>\n\t\t\t\t<div class=\"elementor-element elementor-element-bb621be elementor-position-top elementor-widget elementor-widget-image-box\" data-id=\"bb621be\" data-element_type=\"widget\" data-widget_type=\"image-box.default\">\n\t\t\t\t<div class=\"elementor-widget-container\">\n\t\t\t\t\t<div class=\"elementor-image-box-wrapper\"><figure class=\"elementor-image-box-img\"><img loading=\"lazy\" decoding=\"async\" width=\"1600\" height=\"1122\" src=\"https:\/\/croatianshepherddog.com\/wp-content\/uploads\/2025\/05\/IMG-20210329-WA0031.jpg\" class=\"attachment-full size-full wp-image-24\" alt=\"virtualni muzej Hrvatskog ov\u010dara\" srcset=\"https:\/\/croatianshepherddog.com\/wp-content\/uploads\/2025\/05\/IMG-20210329-WA0031.jpg 1600w, https:\/\/croatianshepherddog.com\/wp-content\/uploads\/2025\/05\/IMG-20210329-WA0031-300x210.jpg 300w, https:\/\/croatianshepherddog.com\/wp-content\/uploads\/2025\/05\/IMG-20210329-WA0031-1024x718.jpg 1024w, https:\/\/croatianshepherddog.com\/wp-content\/uploads\/2025\/05\/IMG-20210329-WA0031-768x539.jpg 768w, https:\/\/croatianshepherddog.com\/wp-content\/uploads\/2025\/05\/IMG-20210329-WA0031-1536x1077.jpg 1536w, https:\/\/croatianshepherddog.com\/wp-content\/uploads\/2025\/05\/IMG-20210329-WA0031-18x12.jpg 18w\" sizes=\"(max-width: 1600px) 100vw, 1600px\" \/><\/figure><div class=\"elementor-image-box-content\"><h3 class=\"elementor-image-box-title\">Unique coat<\/h3><p class=\"elementor-image-box-description\">Body covered in beautiful wavy to curly hair (6\u201314 cm), with shorter hair on legs and head \u2013 creating contrast and highlighting their athletic build.<\/p><\/div><\/div>\t\t\t\t<\/div>\n\t\t\t\t<\/div>\n\t\t\t\t<\/div>\n\t\t\t\t<\/div>\n\t\t\t\t\t<\/div>\n\t\t\t\t<\/div>\n\t\t\t\t<\/div>","protected":false},"excerpt":{"rendered":"<p>Standard pasmine Hrvatski ov\u010dar je slu\u017ebeno priznat od strane FCI-a (Me\u0111unarodne kinolo\u0161ke federacije) 1969. godine. Pasmina je dobila FCI broj 277 i uvr\u0161tena je u skupinu ov\u010darskih i govedarskih pasa. Saznajte vi\u0161e Fizi\u010dke karakteristike Visina Savr\u0161en spoj kompaktnosti i snage, Hrvatski ov\u010dar stoji ponosno na visini od 40 do 50 cm. Mu\u017ejaci su ne\u0161to vi\u0161i [&hellip;]<\/p>","protected":false},"author":1,"featured_media":0,"parent":0,"menu_order":0,"comment_status":"closed","ping_status":"closed","template":"elementor_header_footer","meta":{"footnotes":""},"class_list":["post-55","page","type-page","status-publish","hentry"],"yoast_head":"<!-- This site is optimized with the Yoast SEO plugin v25.1 - https:\/\/yoast.com\/wordpress\/plugins\/seo\/ -->\n<title>Standard pasmine - Virtualni Muzej Hrvatskog ov\u010dara<\/title>\n<meta name=\"robots\" content=\"index, follow, max-snippet:-1, max-image-preview:large, max-video-preview:-1\" \/>\n<link rel=\"canonical\" href=\"https:\/\/croatianshepherddog.com\/en\/standard-pasmine\/\" \/>\n<meta property=\"og:locale\" content=\"en_GB\" \/>\n<meta property=\"og:type\" content=\"article\" \/>\n<meta property=\"og:title\" content=\"Standard pasmine - Virtualni Muzej Hrvatskog ov\u010dara\" \/>\n<meta property=\"og:description\" content=\"Standard pasmine Hrvatski ov\u010dar je slu\u017ebeno priznat od strane FCI-a (Me\u0111unarodne kinolo\u0161ke federacije) 1969. godine. Pasmina je dobila FCI broj 277 i uvr\u0161tena je u skupinu ov\u010darskih i govedarskih pasa. Saznajte vi\u0161e Fizi\u010dke karakteristike Visina Savr\u0161en spoj kompaktnosti i snage, Hrvatski ov\u010dar stoji ponosno na visini od 40 do 50 cm. Mu\u017ejaci su ne\u0161to vi\u0161i [&hellip;]\" \/>\n<meta property=\"og:url\" content=\"https:\/\/croatianshepherddog.com\/en\/standard-pasmine\/\" \/>\n<meta property=\"og:site_name\" content=\"Virtualni Muzej Hrvatskog ov\u010dara\" \/>\n<meta property=\"article:modified_time\" content=\"2025-06-25T12:06:24+00:00\" \/>\n<meta property=\"og:image\" content=\"https:\/\/croatianshepherddog.com\/wp-content\/uploads\/2025\/05\/WhatsApp-Image-2025-03-04-at-06.34.07.jpeg\" \/>\n\t<meta property=\"og:image:width\" content=\"1600\" \/>\n\t<meta property=\"og:image:height\" content=\"1199\" \/>\n\t<meta property=\"og:image:type\" content=\"image\/jpeg\" \/>\n<meta name=\"twitter:card\" content=\"summary_large_image\" \/>\n<meta name=\"twitter:label1\" content=\"Estimated reading time\" \/>\n\t<meta name=\"twitter:data1\" content=\"2 minutes\" \/>\n<script type=\"application\/ld+json\" class=\"yoast-schema-graph\">{\"@context\":\"https:\/\/schema.org\",\"@graph\":[{\"@type\":\"WebPage\",\"@id\":\"https:\/\/croatianshepherddog.com\/standard-pasmine\/\",\"url\":\"https:\/\/croatianshepherddog.com\/standard-pasmine\/\",\"name\":\"Standard pasmine - Virtualni Muzej Hrvatskog ov\u010dara\",\"isPartOf\":{\"@id\":\"https:\/\/croatianshepherddog.com\/#website\"},\"primaryImageOfPage\":{\"@id\":\"https:\/\/croatianshepherddog.com\/standard-pasmine\/#primaryimage\"},\"image\":{\"@id\":\"https:\/\/croatianshepherddog.com\/standard-pasmine\/#primaryimage\"},\"thumbnailUrl\":\"https:\/\/croatianshepherddog.com\/wp-content\/uploads\/2025\/05\/WhatsApp-Image-2025-03-04-at-06.34.07-1024x767.jpeg\",\"datePublished\":\"2025-05-16T19:23:00+00:00\",\"dateModified\":\"2025-06-25T12:06:24+00:00\",\"breadcrumb\":{\"@id\":\"https:\/\/croatianshepherddog.com\/standard-pasmine\/#breadcrumb\"},\"inLanguage\":\"en-GB\",\"potentialAction\":[{\"@type\":\"ReadAction\",\"target\":[\"https:\/\/croatianshepherddog.com\/standard-pasmine\/\"]}]},{\"@type\":\"ImageObject\",\"inLanguage\":\"en-GB\",\"@id\":\"https:\/\/croatianshepherddog.com\/standard-pasmine\/#primaryimage\",\"url\":\"https:\/\/croatianshepherddog.com\/wp-content\/uploads\/2025\/05\/WhatsApp-Image-2025-03-04-at-06.34.07-1024x767.jpeg\",\"contentUrl\":\"https:\/\/croatianshepherddog.com\/wp-content\/uploads\/2025\/05\/WhatsApp-Image-2025-03-04-at-06.34.07-1024x767.jpeg\"},{\"@type\":\"BreadcrumbList\",\"@id\":\"https:\/\/croatianshepherddog.com\/standard-pasmine\/#breadcrumb\",\"itemListElement\":[{\"@type\":\"ListItem\",\"position\":1,\"name\":\"Home\",\"item\":\"https:\/\/croatianshepherddog.com\/\"},{\"@type\":\"ListItem\",\"position\":2,\"name\":\"Standard pasmine\"}]},{\"@type\":\"WebSite\",\"@id\":\"https:\/\/croatianshepherddog.com\/#website\",\"url\":\"https:\/\/croatianshepherddog.com\/\",\"name\":\"Virtualni Muzej Hrvatskog ov\u010dara\",\"description\":\"Autohtona hrvatska pasmina\",\"publisher\":{\"@id\":\"https:\/\/croatianshepherddog.com\/#organization\"},\"potentialAction\":[{\"@type\":\"SearchAction\",\"target\":{\"@type\":\"EntryPoint\",\"urlTemplate\":\"https:\/\/croatianshepherddog.com\/?s={search_term_string}\"},\"query-input\":{\"@type\":\"PropertyValueSpecification\",\"valueRequired\":true,\"valueName\":\"search_term_string\"}}],\"inLanguage\":\"en-GB\"},{\"@type\":\"Organization\",\"@id\":\"https:\/\/croatianshepherddog.com\/#organization\",\"name\":\"Virtualni Muzej Hrvatskog ov\u010dara\",\"url\":\"https:\/\/croatianshepherddog.com\/\",\"logo\":{\"@type\":\"ImageObject\",\"inLanguage\":\"en-GB\",\"@id\":\"https:\/\/croatianshepherddog.com\/#\/schema\/logo\/image\/\",\"url\":\"https:\/\/croatianshepherddog.com\/wp-content\/uploads\/2025\/05\/image-3-1.png\",\"contentUrl\":\"https:\/\/croatianshepherddog.com\/wp-content\/uploads\/2025\/05\/image-3-1.png\",\"width\":245,\"height\":225,\"caption\":\"Virtualni Muzej Hrvatskog ov\u010dara\"},\"image\":{\"@id\":\"https:\/\/croatianshepherddog.com\/#\/schema\/logo\/image\/\"}}]}<\/script>\n<!-- \/ Yoast SEO plugin. -->","yoast_head_json":{"title":"Standard pasmine - Virtualni Muzej Hrvatskog ov\u010dara","robots":{"index":"index","follow":"follow","max-snippet":"max-snippet:-1","max-image-preview":"max-image-preview:large","max-video-preview":"max-video-preview:-1"},"canonical":"https:\/\/croatianshepherddog.com\/en\/standard-pasmine\/","og_locale":"en_GB","og_type":"article","og_title":"Standard pasmine - Virtualni Muzej Hrvatskog ov\u010dara","og_description":"Standard pasmine Hrvatski ov\u010dar je slu\u017ebeno priznat od strane FCI-a (Me\u0111unarodne kinolo\u0161ke federacije) 1969. godine. Pasmina je dobila FCI broj 277 i uvr\u0161tena je u skupinu ov\u010darskih i govedarskih pasa. Saznajte vi\u0161e Fizi\u010dke karakteristike Visina Savr\u0161en spoj kompaktnosti i snage, Hrvatski ov\u010dar stoji ponosno na visini od 40 do 50 cm. Mu\u017ejaci su ne\u0161to vi\u0161i [&hellip;]","og_url":"https:\/\/croatianshepherddog.com\/en\/standard-pasmine\/","og_site_name":"Virtualni Muzej Hrvatskog ov\u010dara","article_modified_time":"2025-06-25T12:06:24+00:00","og_image":[{"width":1600,"height":1199,"url":"https:\/\/croatianshepherddog.com\/wp-content\/uploads\/2025\/05\/WhatsApp-Image-2025-03-04-at-06.34.07.jpeg","type":"image\/jpeg"}],"twitter_card":"summary_large_image","twitter_misc":{"Estimated reading time":"2 minutes"},"schema":{"@context":"https:\/\/schema.org","@graph":[{"@type":"WebPage","@id":"https:\/\/croatianshepherddog.com\/standard-pasmine\/","url":"https:\/\/croatianshepherddog.com\/standard-pasmine\/","name":"Standard pasmine - Virtualni Muzej Hrvatskog ov\u010dara","isPartOf":{"@id":"https:\/\/croatianshepherddog.com\/#website"},"primaryImageOfPage":{"@id":"https:\/\/croatianshepherddog.com\/standard-pasmine\/#primaryimage"},"image":{"@id":"https:\/\/croatianshepherddog.com\/standard-pasmine\/#primaryimage"},"thumbnailUrl":"https:\/\/croatianshepherddog.com\/wp-content\/uploads\/2025\/05\/WhatsApp-Image-2025-03-04-at-06.34.07-1024x767.jpeg","datePublished":"2025-05-16T19:23:00+00:00","dateModified":"2025-06-25T12:06:24+00:00","breadcrumb":{"@id":"https:\/\/croatianshepherddog.com\/standard-pasmine\/#breadcrumb"},"inLanguage":"en-GB","potentialAction":[{"@type":"ReadAction","target":["https:\/\/croatianshepherddog.com\/standard-pasmine\/"]}]},{"@type":"ImageObject","inLanguage":"en-GB","@id":"https:\/\/croatianshepherddog.com\/standard-pasmine\/#primaryimage","url":"https:\/\/croatianshepherddog.com\/wp-content\/uploads\/2025\/05\/WhatsApp-Image-2025-03-04-at-06.34.07-1024x767.jpeg","contentUrl":"https:\/\/croatianshepherddog.com\/wp-content\/uploads\/2025\/05\/WhatsApp-Image-2025-03-04-at-06.34.07-1024x767.jpeg"},{"@type":"BreadcrumbList","@id":"https:\/\/croatianshepherddog.com\/standard-pasmine\/#breadcrumb","itemListElement":[{"@type":"ListItem","position":1,"name":"Home","item":"https:\/\/croatianshepherddog.com\/"},{"@type":"ListItem","position":2,"name":"Standard pasmine"}]},{"@type":"WebSite","@id":"https:\/\/croatianshepherddog.com\/#website","url":"https:\/\/croatianshepherddog.com\/","name":"Virtualni Muzej Hrvatskog ov\u010dara","description":"Autohtona hrvatska pasmina","publisher":{"@id":"https:\/\/croatianshepherddog.com\/#organization"},"potentialAction":[{"@type":"SearchAction","target":{"@type":"EntryPoint","urlTemplate":"https:\/\/croatianshepherddog.com\/?s={search_term_string}"},"query-input":{"@type":"PropertyValueSpecification","valueRequired":true,"valueName":"search_term_string"}}],"inLanguage":"en-GB"},{"@type":"Organization","@id":"https:\/\/croatianshepherddog.com\/#organization","name":"Virtualni Muzej Hrvatskog ov\u010dara","url":"https:\/\/croatianshepherddog.com\/","logo":{"@type":"ImageObject","inLanguage":"en-GB","@id":"https:\/\/croatianshepherddog.com\/#\/schema\/logo\/image\/","url":"https:\/\/croatianshepherddog.com\/wp-content\/uploads\/2025\/05\/image-3-1.png","contentUrl":"https:\/\/croatianshepherddog.com\/wp-content\/uploads\/2025\/05\/image-3-1.png","width":245,"height":225,"caption":"Virtualni Muzej Hrvatskog ov\u010dara"},"image":{"@id":"https:\/\/croatianshepherddog.com\/#\/schema\/logo\/image\/"}}]}},"_links":{"self":[{"href":"https:\/\/croatianshepherddog.com\/en\/wp-json\/wp\/v2\/pages\/55","targetHints":{"allow":["GET"]}}],"collection":[{"href":"https:\/\/croatianshepherddog.com\/en\/wp-json\/wp\/v2\/pages"}],"about":[{"href":"https:\/\/croatianshepherddog.com\/en\/wp-json\/wp\/v2\/types\/page"}],"author":[{"embeddable":true,"href":"https:\/\/croatianshepherddog.com\/en\/wp-json\/wp\/v2\/users\/1"}],"replies":[{"embeddable":true,"href":"https:\/\/croatianshepherddog.com\/en\/wp-json\/wp\/v2\/comments?post=55"}],"version-history":[{"count":3,"href":"https:\/\/croatianshepherddog.com\/en\/wp-json\/wp\/v2\/pages\/55\/revisions"}],"predecessor-version":[{"id":285,"href":"https:\/\/croatianshepherddog.com\/en\/wp-json\/wp\/v2\/pages\/55\/revisions\/285"}],"wp:attachment":[{"href":"https:\/\/croatianshepherddog.com\/en\/wp-json\/wp\/v2\/media?parent=55"}],"curies":[{"name":"wp","href":"https:\/\/api.w.org\/{rel}","templated":true}]}}