{"id":83,"date":"2025-05-16T19:22:31","date_gmt":"2025-05-16T19:22:31","guid":{"rendered":"https:\/\/croatianshepherddog.com\/?page_id=83"},"modified":"2025-06-25T12:03:36","modified_gmt":"2025-06-25T12:03:36","slug":"hrvatski-ovcar-u-sportu","status":"publish","type":"page","link":"https:\/\/croatianshepherddog.com\/en\/hrvatski-ovcar-u-sportu\/","title":{"rendered":"Croatian Shepherd Dog in work and sports"},"content":{"rendered":"<div data-elementor-type=\"wp-page\" data-elementor-id=\"83\" class=\"elementor elementor-83\" data-elementor-post-type=\"page\">\n\t\t\t\t<div class=\"elementor-element elementor-element-0e0bf37 e-flex e-con-boxed e-con e-parent\" data-id=\"0e0bf37\" data-element_type=\"container\">\n\t\t\t\t\t<div class=\"e-con-inner\">\n\t\t\t\t<div class=\"elementor-element elementor-element-71a1094 elementor-widget elementor-widget-heading\" data-id=\"71a1094\" data-element_type=\"widget\" data-widget_type=\"heading.default\">\n\t\t\t\t<div class=\"elementor-widget-container\">\n\t\t\t\t\t<h1 class=\"elementor-heading-title elementor-size-default\">Croatian Shepherd Dog in work and sports<\/h1>\t\t\t\t<\/div>\n\t\t\t\t<\/div>\n\t\t\t\t\t<\/div>\n\t\t\t\t<\/div>\n\t\t<div class=\"elementor-element elementor-element-db622ff e-flex e-con-boxed e-con e-parent\" data-id=\"db622ff\" data-element_type=\"container\" data-settings=\"{&quot;background_background&quot;:&quot;classic&quot;}\">\n\t\t\t\t\t<div class=\"e-con-inner\">\n\t\t\t\t<div class=\"elementor-element elementor-element-42a2cc0 elementor-widget elementor-widget-text-editor\" data-id=\"42a2cc0\" data-element_type=\"widget\" data-widget_type=\"text-editor.default\">\n\t\t\t\t<div class=\"elementor-widget-container\">\n\t\t\t\t\t\t\t\t\t<p>This dog excels in various working and sport activities, such as search and rescue, frisbee, and flyball. Its intelligence, agility, and enthusiasm make it an ideal companion for both professional handlers and active families.<\/p>\t\t\t\t\t\t\t\t<\/div>\n\t\t\t\t<\/div>\n\t\t<div class=\"elementor-element elementor-element-9cf3d65 e-grid e-con-full e-con e-child\" data-id=\"9cf3d65\" data-element_type=\"container\">\n\t\t\t\t<div class=\"elementor-element elementor-element-9fc7731 elementor-widget elementor-widget-video\" data-id=\"9fc7731\" data-element_type=\"widget\" data-settings=\"{&quot;video_type&quot;:&quot;hosted&quot;,&quot;controls&quot;:&quot;yes&quot;}\" data-widget_type=\"video.default\">\n\t\t\t\t<div class=\"elementor-widget-container\">\n\t\t\t\t\t\t\t<div class=\"e-hosted-video elementor-wrapper elementor-open-inline\">\n\t\t\t\t\t<video class=\"elementor-video\" src=\"https:\/\/croatianshepherddog.com\/wp-content\/uploads\/2025\/06\/WhatsApp-Video-2025-06-16-at-15.39.00.mp4\" controls=\"\" preload=\"metadata\" controlslist=\"nodownload\"><\/video>\n\t\t\t\t<\/div>\n\t\t\t\t\t\t<\/div>\n\t\t\t\t<\/div>\n\t\t\t\t<div class=\"elementor-element elementor-element-64d0718 elementor-widget elementor-widget-video\" data-id=\"64d0718\" data-element_type=\"widget\" data-settings=\"{&quot;video_type&quot;:&quot;hosted&quot;,&quot;controls&quot;:&quot;yes&quot;}\" data-widget_type=\"video.default\">\n\t\t\t\t<div class=\"elementor-widget-container\">\n\t\t\t\t\t\t\t<div class=\"e-hosted-video elementor-wrapper elementor-open-inline\">\n\t\t\t\t\t<video class=\"elementor-video\" src=\"https:\/\/croatianshepherddog.com\/wp-content\/uploads\/2025\/06\/WhatsApp-Video-2025-06-16-at-15.39.00-1.mp4\" controls=\"\" preload=\"metadata\" controlslist=\"nodownload\"><\/video>\n\t\t\t\t<\/div>\n\t\t\t\t\t\t<\/div>\n\t\t\t\t<\/div>\n\t\t\t\t<\/div>\n\t\t\t\t<div class=\"elementor-element elementor-element-b745de1 elementor-widget elementor-widget-text-editor\" data-id=\"b745de1\" data-element_type=\"widget\" data-widget_type=\"text-editor.default\">\n\t\t\t\t<div class=\"elementor-widget-container\">\n\t\t\t\t\t\t\t\t\t<div><p>Agility: Exceptional performance due to responsiveness and quickness.\n\nObedience: Strong discipline and trainability.\n\nOther sports: Great at frisbee, flyball, and even search and rescue missions.<\/p><\/div><div><p>The Croatian Shepherd Dog is more than a working dog\u2014it is a true sporting companion.<\/p><\/div>\t\t\t\t\t\t\t\t<\/div>\n\t\t\t\t<\/div>\n\t\t\t\t<div class=\"elementor-element elementor-element-ba33dea elementor-widget elementor-widget-video\" data-id=\"ba33dea\" data-element_type=\"widget\" data-settings=\"{&quot;youtube_url&quot;:&quot;https:\\\/\\\/www.youtube.com\\\/watch?v=fSrIajlMRNc&quot;,&quot;video_type&quot;:&quot;youtube&quot;,&quot;controls&quot;:&quot;yes&quot;}\" data-widget_type=\"video.default\">\n\t\t\t\t<div class=\"elementor-widget-container\">\n\t\t\t\t\t\t\t<div class=\"elementor-wrapper elementor-open-inline\">\n\t\t\t<div class=\"elementor-video\"><\/div>\t\t<\/div>\n\t\t\t\t\t\t<\/div>\n\t\t\t\t<\/div>\n\t\t\t\t\t<\/div>\n\t\t\t\t<\/div>\n\t\t\t\t<\/div>","protected":false},"excerpt":{"rendered":"<p>Hrvatski ov\u010dar u sportu Ovaj pas se isti\u010de u raznim radnim i sportskim aktivnostima, kao \u0161to su potraga i spa\u0161avanje, frizbi i flyball. Njegova inteligencija, okretnost i entuzijazam \u010dine ga idealnim pratiteljem kako za profesionalne vodi\u010de, tako i za aktivne obitelji. https:\/\/croatianshepherddog.com\/wp-content\/uploads\/2025\/06\/WhatsApp-Video-2025-06-16-at-15.39.00.mp4https:\/\/croatianshepherddog.com\/wp-content\/uploads\/2025\/06\/WhatsApp-Video-2025-06-16-at-15.39.00-1.mp4 U agilityju Hrvatski ov\u010dari posti\u017eu izvrsne rezultate zahvaljuju\u0107i svojoj brzini, okretnosti i sposobnosti [&hellip;]<\/p>","protected":false},"author":1,"featured_media":0,"parent":0,"menu_order":0,"comment_status":"closed","ping_status":"closed","template":"elementor_header_footer","meta":{"footnotes":""},"class_list":["post-83","page","type-page","status-publish","hentry"],"yoast_head":"<!-- This site is optimized with the Yoast SEO plugin v25.1 - https:\/\/yoast.com\/wordpress\/plugins\/seo\/ -->\n<title>Hrvatski ov\u010dar u sportu - Virtualni Muzej Hrvatskog ov\u010dara<\/title>\n<meta name=\"robots\" content=\"index, follow, max-snippet:-1, max-image-preview:large, max-video-preview:-1\" \/>\n<link rel=\"canonical\" href=\"https:\/\/croatianshepherddog.com\/en\/hrvatski-ovcar-u-sportu\/\" \/>\n<meta property=\"og:locale\" content=\"en_GB\" \/>\n<meta property=\"og:type\" content=\"article\" \/>\n<meta property=\"og:title\" content=\"Hrvatski ov\u010dar u sportu - Virtualni Muzej Hrvatskog ov\u010dara\" \/>\n<meta property=\"og:description\" content=\"Hrvatski ov\u010dar u sportu Ovaj pas se isti\u010de u raznim radnim i sportskim aktivnostima, kao \u0161to su potraga i spa\u0161avanje, frizbi i flyball. Njegova inteligencija, okretnost i entuzijazam \u010dine ga idealnim pratiteljem kako za profesionalne vodi\u010de, tako i za aktivne obitelji. https:\/\/croatianshepherddog.com\/wp-content\/uploads\/2025\/06\/WhatsApp-Video-2025-06-16-at-15.39.00.mp4https:\/\/croatianshepherddog.com\/wp-content\/uploads\/2025\/06\/WhatsApp-Video-2025-06-16-at-15.39.00-1.mp4 U agilityju Hrvatski ov\u010dari posti\u017eu izvrsne rezultate zahvaljuju\u0107i svojoj brzini, okretnosti i sposobnosti [&hellip;]\" \/>\n<meta property=\"og:url\" content=\"https:\/\/croatianshepherddog.com\/en\/hrvatski-ovcar-u-sportu\/\" \/>\n<meta property=\"og:site_name\" content=\"Virtualni Muzej Hrvatskog ov\u010dara\" \/>\n<meta property=\"article:modified_time\" content=\"2025-06-25T12:03:36+00:00\" \/>\n<meta name=\"twitter:card\" content=\"summary_large_image\" \/>\n<meta name=\"twitter:label1\" content=\"Estimated reading time\" \/>\n\t<meta name=\"twitter:data1\" content=\"1 minute\" \/>\n<script type=\"application\/ld+json\" class=\"yoast-schema-graph\">{\"@context\":\"https:\/\/schema.org\",\"@graph\":[{\"@type\":\"WebPage\",\"@id\":\"https:\/\/croatianshepherddog.com\/hrvatski-ovcar-u-sportu\/\",\"url\":\"https:\/\/croatianshepherddog.com\/hrvatski-ovcar-u-sportu\/\",\"name\":\"Hrvatski ov\u010dar u sportu - Virtualni Muzej Hrvatskog ov\u010dara\",\"isPartOf\":{\"@id\":\"https:\/\/croatianshepherddog.com\/#website\"},\"datePublished\":\"2025-05-16T19:22:31+00:00\",\"dateModified\":\"2025-06-25T12:03:36+00:00\",\"breadcrumb\":{\"@id\":\"https:\/\/croatianshepherddog.com\/hrvatski-ovcar-u-sportu\/#breadcrumb\"},\"inLanguage\":\"en-GB\",\"potentialAction\":[{\"@type\":\"ReadAction\",\"target\":[\"https:\/\/croatianshepherddog.com\/hrvatski-ovcar-u-sportu\/\"]}]},{\"@type\":\"BreadcrumbList\",\"@id\":\"https:\/\/croatianshepherddog.com\/hrvatski-ovcar-u-sportu\/#breadcrumb\",\"itemListElement\":[{\"@type\":\"ListItem\",\"position\":1,\"name\":\"Home\",\"item\":\"https:\/\/croatianshepherddog.com\/\"},{\"@type\":\"ListItem\",\"position\":2,\"name\":\"Hrvatski ov\u010dar u sportu\"}]},{\"@type\":\"WebSite\",\"@id\":\"https:\/\/croatianshepherddog.com\/#website\",\"url\":\"https:\/\/croatianshepherddog.com\/\",\"name\":\"Virtualni Muzej Hrvatskog ov\u010dara\",\"description\":\"Autohtona hrvatska pasmina\",\"publisher\":{\"@id\":\"https:\/\/croatianshepherddog.com\/#organization\"},\"potentialAction\":[{\"@type\":\"SearchAction\",\"target\":{\"@type\":\"EntryPoint\",\"urlTemplate\":\"https:\/\/croatianshepherddog.com\/?s={search_term_string}\"},\"query-input\":{\"@type\":\"PropertyValueSpecification\",\"valueRequired\":true,\"valueName\":\"search_term_string\"}}],\"inLanguage\":\"en-GB\"},{\"@type\":\"Organization\",\"@id\":\"https:\/\/croatianshepherddog.com\/#organization\",\"name\":\"Virtualni Muzej Hrvatskog ov\u010dara\",\"url\":\"https:\/\/croatianshepherddog.com\/\",\"logo\":{\"@type\":\"ImageObject\",\"inLanguage\":\"en-GB\",\"@id\":\"https:\/\/croatianshepherddog.com\/#\/schema\/logo\/image\/\",\"url\":\"https:\/\/croatianshepherddog.com\/wp-content\/uploads\/2025\/05\/image-3-1.png\",\"contentUrl\":\"https:\/\/croatianshepherddog.com\/wp-content\/uploads\/2025\/05\/image-3-1.png\",\"width\":245,\"height\":225,\"caption\":\"Virtualni Muzej Hrvatskog ov\u010dara\"},\"image\":{\"@id\":\"https:\/\/croatianshepherddog.com\/#\/schema\/logo\/image\/\"}}]}<\/script>\n<!-- \/ Yoast SEO plugin. -->","yoast_head_json":{"title":"Hrvatski ov\u010dar u sportu - Virtualni Muzej Hrvatskog ov\u010dara","robots":{"index":"index","follow":"follow","max-snippet":"max-snippet:-1","max-image-preview":"max-image-preview:large","max-video-preview":"max-video-preview:-1"},"canonical":"https:\/\/croatianshepherddog.com\/en\/hrvatski-ovcar-u-sportu\/","og_locale":"en_GB","og_type":"article","og_title":"Hrvatski ov\u010dar u sportu - Virtualni Muzej Hrvatskog ov\u010dara","og_description":"Hrvatski ov\u010dar u sportu Ovaj pas se isti\u010de u raznim radnim i sportskim aktivnostima, kao \u0161to su potraga i spa\u0161avanje, frizbi i flyball. Njegova inteligencija, okretnost i entuzijazam \u010dine ga idealnim pratiteljem kako za profesionalne vodi\u010de, tako i za aktivne obitelji. https:\/\/croatianshepherddog.com\/wp-content\/uploads\/2025\/06\/WhatsApp-Video-2025-06-16-at-15.39.00.mp4https:\/\/croatianshepherddog.com\/wp-content\/uploads\/2025\/06\/WhatsApp-Video-2025-06-16-at-15.39.00-1.mp4 U agilityju Hrvatski ov\u010dari posti\u017eu izvrsne rezultate zahvaljuju\u0107i svojoj brzini, okretnosti i sposobnosti [&hellip;]","og_url":"https:\/\/croatianshepherddog.com\/en\/hrvatski-ovcar-u-sportu\/","og_site_name":"Virtualni Muzej Hrvatskog ov\u010dara","article_modified_time":"2025-06-25T12:03:36+00:00","twitter_card":"summary_large_image","twitter_misc":{"Estimated reading time":"1 minute"},"schema":{"@context":"https:\/\/schema.org","@graph":[{"@type":"WebPage","@id":"https:\/\/croatianshepherddog.com\/hrvatski-ovcar-u-sportu\/","url":"https:\/\/croatianshepherddog.com\/hrvatski-ovcar-u-sportu\/","name":"Hrvatski ov\u010dar u sportu - Virtualni Muzej Hrvatskog ov\u010dara","isPartOf":{"@id":"https:\/\/croatianshepherddog.com\/#website"},"datePublished":"2025-05-16T19:22:31+00:00","dateModified":"2025-06-25T12:03:36+00:00","breadcrumb":{"@id":"https:\/\/croatianshepherddog.com\/hrvatski-ovcar-u-sportu\/#breadcrumb"},"inLanguage":"en-GB","potentialAction":[{"@type":"ReadAction","target":["https:\/\/croatianshepherddog.com\/hrvatski-ovcar-u-sportu\/"]}]},{"@type":"BreadcrumbList","@id":"https:\/\/croatianshepherddog.com\/hrvatski-ovcar-u-sportu\/#breadcrumb","itemListElement":[{"@type":"ListItem","position":1,"name":"Home","item":"https:\/\/croatianshepherddog.com\/"},{"@type":"ListItem","position":2,"name":"Hrvatski ov\u010dar u sportu"}]},{"@type":"WebSite","@id":"https:\/\/croatianshepherddog.com\/#website","url":"https:\/\/croatianshepherddog.com\/","name":"Virtualni Muzej Hrvatskog ov\u010dara","description":"Autohtona hrvatska pasmina","publisher":{"@id":"https:\/\/croatianshepherddog.com\/#organization"},"potentialAction":[{"@type":"SearchAction","target":{"@type":"EntryPoint","urlTemplate":"https:\/\/croatianshepherddog.com\/?s={search_term_string}"},"query-input":{"@type":"PropertyValueSpecification","valueRequired":true,"valueName":"search_term_string"}}],"inLanguage":"en-GB"},{"@type":"Organization","@id":"https:\/\/croatianshepherddog.com\/#organization","name":"Virtualni Muzej Hrvatskog ov\u010dara","url":"https:\/\/croatianshepherddog.com\/","logo":{"@type":"ImageObject","inLanguage":"en-GB","@id":"https:\/\/croatianshepherddog.com\/#\/schema\/logo\/image\/","url":"https:\/\/croatianshepherddog.com\/wp-content\/uploads\/2025\/05\/image-3-1.png","contentUrl":"https:\/\/croatianshepherddog.com\/wp-content\/uploads\/2025\/05\/image-3-1.png","width":245,"height":225,"caption":"Virtualni Muzej Hrvatskog ov\u010dara"},"image":{"@id":"https:\/\/croatianshepherddog.com\/#\/schema\/logo\/image\/"}}]}},"_links":{"self":[{"href":"https:\/\/croatianshepherddog.com\/en\/wp-json\/wp\/v2\/pages\/83","targetHints":{"allow":["GET"]}}],"collection":[{"href":"https:\/\/croatianshepherddog.com\/en\/wp-json\/wp\/v2\/pages"}],"about":[{"href":"https:\/\/croatianshepherddog.com\/en\/wp-json\/wp\/v2\/types\/page"}],"author":[{"embeddable":true,"href":"https:\/\/croatianshepherddog.com\/en\/wp-json\/wp\/v2\/users\/1"}],"replies":[{"embeddable":true,"href":"https:\/\/croatianshepherddog.com\/en\/wp-json\/wp\/v2\/comments?post=83"}],"version-history":[{"count":3,"href":"https:\/\/croatianshepherddog.com\/en\/wp-json\/wp\/v2\/pages\/83\/revisions"}],"predecessor-version":[{"id":270,"href":"https:\/\/croatianshepherddog.com\/en\/wp-json\/wp\/v2\/pages\/83\/revisions\/270"}],"wp:attachment":[{"href":"https:\/\/croatianshepherddog.com\/en\/wp-json\/wp\/v2\/media?parent=83"}],"curies":[{"name":"wp","href":"https:\/\/api.w.org\/{rel}","templated":true}]}}