{"id":88,"date":"2025-05-16T19:22:46","date_gmt":"2025-05-16T19:22:46","guid":{"rendered":"https:\/\/croatianshepherddog.com\/?page_id=88"},"modified":"2025-06-25T12:05:34","modified_gmt":"2025-06-25T12:05:34","slug":"medunarodna-popularnost-i-zanimljivosti-o-pasmini","status":"publish","type":"page","link":"https:\/\/croatianshepherddog.com\/en\/medunarodna-popularnost-i-zanimljivosti-o-pasmini\/","title":{"rendered":"International popularity and fun facts"},"content":{"rendered":"<div data-elementor-type=\"wp-page\" data-elementor-id=\"88\" class=\"elementor elementor-88\" data-elementor-post-type=\"page\">\n\t\t\t\t<div class=\"elementor-element elementor-element-49830ad e-flex e-con-boxed e-con e-parent\" data-id=\"49830ad\" data-element_type=\"container\">\n\t\t\t\t\t<div class=\"e-con-inner\">\n\t\t\t\t<div class=\"elementor-element elementor-element-096367a elementor-widget elementor-widget-heading\" data-id=\"096367a\" data-element_type=\"widget\" data-widget_type=\"heading.default\">\n\t\t\t\t<div class=\"elementor-widget-container\">\n\t\t\t\t\t<h1 class=\"elementor-heading-title elementor-size-default\">International popularity <br> and fun facts<\/h1>\t\t\t\t<\/div>\n\t\t\t\t<\/div>\n\t\t\t\t\t<\/div>\n\t\t\t\t<\/div>\n\t\t<div class=\"elementor-element elementor-element-2e8f5c6 e-flex e-con-boxed e-con e-parent\" data-id=\"2e8f5c6\" data-element_type=\"container\">\n\t\t\t\t\t<div class=\"e-con-inner\">\n\t\t<div class=\"elementor-element elementor-element-21986c0 e-con-full e-flex e-con e-child\" data-id=\"21986c0\" data-element_type=\"container\">\n\t\t\t\t<div class=\"elementor-element elementor-element-70a2740 elementor-widget elementor-widget-text-editor\" data-id=\"70a2740\" data-element_type=\"widget\" data-widget_type=\"text-editor.default\">\n\t\t\t\t<div class=\"elementor-widget-container\">\n\t\t\t\t\t\t\t\t\t<div><div><div><p>Croatian Shepherd Dogs are gaining global recognition due to their intelligence, energy, and loyalty.<\/p><\/div><\/div><\/div>\t\t\t\t\t\t\t\t<\/div>\n\t\t\t\t<\/div>\n\t\t\t\t<\/div>\n\t\t<div class=\"elementor-element elementor-element-4ff1b28 e-con-full e-flex e-con e-child\" data-id=\"4ff1b28\" data-element_type=\"container\">\n\t\t\t\t<div class=\"elementor-element elementor-element-eaba519 elementor-widget elementor-widget-image\" data-id=\"eaba519\" data-element_type=\"widget\" data-widget_type=\"image.default\">\n\t\t\t\t<div class=\"elementor-widget-container\">\n\t\t\t\t\t\t\t\t\t\t\t\t\t\t\t<img fetchpriority=\"high\" decoding=\"async\" width=\"800\" height=\"561\" src=\"https:\/\/croatianshepherddog.com\/wp-content\/uploads\/2025\/05\/IMG-20210329-WA0031-1024x718.jpg\" class=\"attachment-large size-large wp-image-24\" alt=\"virtualni muzej Hrvatskog ov\u010dara\" srcset=\"https:\/\/croatianshepherddog.com\/wp-content\/uploads\/2025\/05\/IMG-20210329-WA0031-1024x718.jpg 1024w, https:\/\/croatianshepherddog.com\/wp-content\/uploads\/2025\/05\/IMG-20210329-WA0031-300x210.jpg 300w, https:\/\/croatianshepherddog.com\/wp-content\/uploads\/2025\/05\/IMG-20210329-WA0031-768x539.jpg 768w, https:\/\/croatianshepherddog.com\/wp-content\/uploads\/2025\/05\/IMG-20210329-WA0031-1536x1077.jpg 1536w, https:\/\/croatianshepherddog.com\/wp-content\/uploads\/2025\/05\/IMG-20210329-WA0031-18x12.jpg 18w, https:\/\/croatianshepherddog.com\/wp-content\/uploads\/2025\/05\/IMG-20210329-WA0031.jpg 1600w\" sizes=\"(max-width: 800px) 100vw, 800px\" \/>\t\t\t\t\t\t\t\t\t\t\t\t\t\t\t<\/div>\n\t\t\t\t<\/div>\n\t\t\t\t<\/div>\n\t\t\t\t\t<\/div>\n\t\t\t\t<\/div>\n\t\t<div class=\"elementor-element elementor-element-1c674f5 e-flex e-con-boxed e-con e-parent\" data-id=\"1c674f5\" data-element_type=\"container\">\n\t\t\t\t\t<div class=\"e-con-inner\">\n\t\t<div class=\"elementor-element elementor-element-20e9a03 e-con-full e-flex e-con e-child\" data-id=\"20e9a03\" data-element_type=\"container\">\n\t\t\t\t<div class=\"elementor-element elementor-element-3a026ed elementor-widget elementor-widget-image\" data-id=\"3a026ed\" data-element_type=\"widget\" data-widget_type=\"image.default\">\n\t\t\t\t<div class=\"elementor-widget-container\">\n\t\t\t\t\t\t\t\t\t\t\t\t\t\t\t<img decoding=\"async\" width=\"800\" height=\"746\" src=\"https:\/\/croatianshepherddog.com\/wp-content\/uploads\/2025\/05\/s-konjem-2-1024x955.jpeg\" class=\"attachment-large size-large wp-image-36\" alt=\"virtualni muzej Hrvatskog ov\u010dara\" srcset=\"https:\/\/croatianshepherddog.com\/wp-content\/uploads\/2025\/05\/s-konjem-2-1024x955.jpeg 1024w, https:\/\/croatianshepherddog.com\/wp-content\/uploads\/2025\/05\/s-konjem-2-300x280.jpeg 300w, https:\/\/croatianshepherddog.com\/wp-content\/uploads\/2025\/05\/s-konjem-2-768x716.jpeg 768w, https:\/\/croatianshepherddog.com\/wp-content\/uploads\/2025\/05\/s-konjem-2-13x12.jpeg 13w, https:\/\/croatianshepherddog.com\/wp-content\/uploads\/2025\/05\/s-konjem-2.jpeg 1080w\" sizes=\"(max-width: 800px) 100vw, 800px\" \/>\t\t\t\t\t\t\t\t\t\t\t\t\t\t\t<\/div>\n\t\t\t\t<\/div>\n\t\t\t\t<\/div>\n\t\t<div class=\"elementor-element elementor-element-1d46fd6 e-con-full e-flex e-con e-child\" data-id=\"1d46fd6\" data-element_type=\"container\">\n\t\t\t\t<div class=\"elementor-element elementor-element-da1e933 elementor-widget elementor-widget-text-editor\" data-id=\"da1e933\" data-element_type=\"widget\" data-widget_type=\"text-editor.default\">\n\t\t\t\t<div class=\"elementor-widget-container\">\n\t\t\t\t\t\t\t\t\t<div><p>Found today in countries like Slovenia, Sweden, the Netherlands, and even Japan. In Japan, one dog named Kro became a symbol of the breed, admired by locals and inspiring others to adopt Croatian Shepherd Dog as well.<\/p><\/div>\t\t\t\t\t\t\t\t<\/div>\n\t\t\t\t<\/div>\n\t\t\t\t<\/div>\n\t\t\t\t\t<\/div>\n\t\t\t\t<\/div>\n\t\t<div class=\"elementor-element elementor-element-5f05ae0 e-flex e-con-boxed e-con e-parent\" data-id=\"5f05ae0\" data-element_type=\"container\" data-settings=\"{&quot;background_background&quot;:&quot;classic&quot;}\">\n\t\t\t\t\t<div class=\"e-con-inner\">\n\t\t<div class=\"elementor-element elementor-element-22fd619 e-con-full e-flex e-con e-child\" data-id=\"22fd619\" data-element_type=\"container\">\n\t\t\t\t<div class=\"elementor-element elementor-element-4365f53 elementor-widget elementor-widget-text-editor\" data-id=\"4365f53\" data-element_type=\"widget\" data-widget_type=\"text-editor.default\">\n\t\t\t\t<div class=\"elementor-widget-container\">\n\t\t\t\t\t\t\t\t\t<div><p>The Croatian Shepherd Dog has attracted the attention of many Japanese people, including the couple Hiroko and Jun Odakura, who were so impressed with the breed that they acquired two Croatian Shepherd Dogs, Rutvica and Kalma.<\/p><\/div><div><p>The Croatian Shepherd Dog stands out among other dog breeds because of its unique genetic trait \u2013 the lack of a tail.<\/p><\/div><div><p>This fascinating characteristic, known as anurality, is present in most individuals of this breed.<\/p><\/div><div><p>However, although the lack of a tail is a dominant characteristic, the Croatian Shepherd Dog may have a short or rudimentary tail.<\/p><\/div>\t\t\t\t\t\t\t\t<\/div>\n\t\t\t\t<\/div>\n\t\t\t\t<\/div>\n\t\t<div class=\"elementor-element elementor-element-a947f7a e-con-full e-flex e-con e-child\" data-id=\"a947f7a\" data-element_type=\"container\">\n\t\t\t\t<div class=\"elementor-element elementor-element-b021cfe elementor-widget elementor-widget-image\" data-id=\"b021cfe\" data-element_type=\"widget\" data-widget_type=\"image.default\">\n\t\t\t\t<div class=\"elementor-widget-container\">\n\t\t\t\t\t\t\t\t\t\t\t\t\t\t\t<img decoding=\"async\" width=\"800\" height=\"451\" src=\"https:\/\/croatianshepherddog.com\/wp-content\/uploads\/2025\/05\/IMG_20220920_083024-1024x577.jpg\" class=\"attachment-large size-large wp-image-21\" alt=\"virtualni muzej Hrvatskog ov\u010dara\" srcset=\"https:\/\/croatianshepherddog.com\/wp-content\/uploads\/2025\/05\/IMG_20220920_083024-1024x577.jpg 1024w, https:\/\/croatianshepherddog.com\/wp-content\/uploads\/2025\/05\/IMG_20220920_083024-300x169.jpg 300w, https:\/\/croatianshepherddog.com\/wp-content\/uploads\/2025\/05\/IMG_20220920_083024-768x433.jpg 768w, https:\/\/croatianshepherddog.com\/wp-content\/uploads\/2025\/05\/IMG_20220920_083024-18x10.jpg 18w, https:\/\/croatianshepherddog.com\/wp-content\/uploads\/2025\/05\/IMG_20220920_083024.jpg 1068w\" sizes=\"(max-width: 800px) 100vw, 800px\" \/>\t\t\t\t\t\t\t\t\t\t\t\t\t\t\t<\/div>\n\t\t\t\t<\/div>\n\t\t\t\t<\/div>\n\t\t\t\t\t<\/div>\n\t\t\t\t<\/div>\n\t\t\t\t<\/div>","protected":false},"excerpt":{"rendered":"<p>Me\u0111unarodna popularnost i zanimljivosti o pasmini Hrvatski ov\u010dari postaju sve popularniji diljem svijeta, privla\u010de\u0107i pa\u017enju ljubitelja pasa svojom jedinstvenom kombinacijom inteligencije, energije i odanosti. Ova autohtona hrvatska pasmina osvaja srca vlasnika od Europe do Dalekog istoka. Danas nalazimo hrvatske ov\u010dare u Sloveniji, \u0160vedskoj, Nizozemskoj, \u010dak i Japanu, \u0161to svjedo\u010di o njihovoj rastu\u0107oj me\u0111unarodnoj popularnosti. U [&hellip;]<\/p>","protected":false},"author":1,"featured_media":0,"parent":0,"menu_order":0,"comment_status":"closed","ping_status":"closed","template":"elementor_header_footer","meta":{"footnotes":""},"class_list":["post-88","page","type-page","status-publish","hentry"],"yoast_head":"<!-- This site is optimized with the Yoast SEO plugin v25.1 - https:\/\/yoast.com\/wordpress\/plugins\/seo\/ -->\n<title>Me\u0111unarodna popularnost i zanimljivosti o pasmini - Virtualni Muzej Hrvatskog ov\u010dara<\/title>\n<meta name=\"robots\" content=\"index, follow, max-snippet:-1, max-image-preview:large, max-video-preview:-1\" \/>\n<link rel=\"canonical\" href=\"https:\/\/croatianshepherddog.com\/en\/medunarodna-popularnost-i-zanimljivosti-o-pasmini\/\" \/>\n<meta property=\"og:locale\" content=\"en_GB\" \/>\n<meta property=\"og:type\" content=\"article\" \/>\n<meta property=\"og:title\" content=\"Me\u0111unarodna popularnost i zanimljivosti o pasmini - Virtualni Muzej Hrvatskog ov\u010dara\" \/>\n<meta property=\"og:description\" content=\"Me\u0111unarodna popularnost i zanimljivosti o pasmini Hrvatski ov\u010dari postaju sve popularniji diljem svijeta, privla\u010de\u0107i pa\u017enju ljubitelja pasa svojom jedinstvenom kombinacijom inteligencije, energije i odanosti. Ova autohtona hrvatska pasmina osvaja srca vlasnika od Europe do Dalekog istoka. Danas nalazimo hrvatske ov\u010dare u Sloveniji, \u0160vedskoj, Nizozemskoj, \u010dak i Japanu, \u0161to svjedo\u010di o njihovoj rastu\u0107oj me\u0111unarodnoj popularnosti. U [&hellip;]\" \/>\n<meta property=\"og:url\" content=\"https:\/\/croatianshepherddog.com\/en\/medunarodna-popularnost-i-zanimljivosti-o-pasmini\/\" \/>\n<meta property=\"og:site_name\" content=\"Virtualni Muzej Hrvatskog ov\u010dara\" \/>\n<meta property=\"article:modified_time\" content=\"2025-06-25T12:05:34+00:00\" \/>\n<meta property=\"og:image\" content=\"https:\/\/croatianshepherddog.com\/wp-content\/uploads\/2025\/05\/IMG-20210329-WA0031.jpg\" \/>\n\t<meta property=\"og:image:width\" content=\"1600\" \/>\n\t<meta property=\"og:image:height\" content=\"1122\" \/>\n\t<meta property=\"og:image:type\" content=\"image\/jpeg\" \/>\n<meta name=\"twitter:card\" content=\"summary_large_image\" \/>\n<meta name=\"twitter:label1\" content=\"Estimated reading time\" \/>\n\t<meta name=\"twitter:data1\" content=\"2 minutes\" \/>\n<script type=\"application\/ld+json\" class=\"yoast-schema-graph\">{\"@context\":\"https:\/\/schema.org\",\"@graph\":[{\"@type\":\"WebPage\",\"@id\":\"https:\/\/croatianshepherddog.com\/medunarodna-popularnost-i-zanimljivosti-o-pasmini\/\",\"url\":\"https:\/\/croatianshepherddog.com\/medunarodna-popularnost-i-zanimljivosti-o-pasmini\/\",\"name\":\"Me\u0111unarodna popularnost i zanimljivosti o pasmini - Virtualni Muzej Hrvatskog ov\u010dara\",\"isPartOf\":{\"@id\":\"https:\/\/croatianshepherddog.com\/#website\"},\"primaryImageOfPage\":{\"@id\":\"https:\/\/croatianshepherddog.com\/medunarodna-popularnost-i-zanimljivosti-o-pasmini\/#primaryimage\"},\"image\":{\"@id\":\"https:\/\/croatianshepherddog.com\/medunarodna-popularnost-i-zanimljivosti-o-pasmini\/#primaryimage\"},\"thumbnailUrl\":\"https:\/\/croatianshepherddog.com\/wp-content\/uploads\/2025\/05\/IMG-20210329-WA0031-1024x718.jpg\",\"datePublished\":\"2025-05-16T19:22:46+00:00\",\"dateModified\":\"2025-06-25T12:05:34+00:00\",\"breadcrumb\":{\"@id\":\"https:\/\/croatianshepherddog.com\/medunarodna-popularnost-i-zanimljivosti-o-pasmini\/#breadcrumb\"},\"inLanguage\":\"en-GB\",\"potentialAction\":[{\"@type\":\"ReadAction\",\"target\":[\"https:\/\/croatianshepherddog.com\/medunarodna-popularnost-i-zanimljivosti-o-pasmini\/\"]}]},{\"@type\":\"ImageObject\",\"inLanguage\":\"en-GB\",\"@id\":\"https:\/\/croatianshepherddog.com\/medunarodna-popularnost-i-zanimljivosti-o-pasmini\/#primaryimage\",\"url\":\"https:\/\/croatianshepherddog.com\/wp-content\/uploads\/2025\/05\/IMG-20210329-WA0031-1024x718.jpg\",\"contentUrl\":\"https:\/\/croatianshepherddog.com\/wp-content\/uploads\/2025\/05\/IMG-20210329-WA0031-1024x718.jpg\"},{\"@type\":\"BreadcrumbList\",\"@id\":\"https:\/\/croatianshepherddog.com\/medunarodna-popularnost-i-zanimljivosti-o-pasmini\/#breadcrumb\",\"itemListElement\":[{\"@type\":\"ListItem\",\"position\":1,\"name\":\"Home\",\"item\":\"https:\/\/croatianshepherddog.com\/\"},{\"@type\":\"ListItem\",\"position\":2,\"name\":\"Me\u0111unarodna popularnost i zanimljivosti o pasmini\"}]},{\"@type\":\"WebSite\",\"@id\":\"https:\/\/croatianshepherddog.com\/#website\",\"url\":\"https:\/\/croatianshepherddog.com\/\",\"name\":\"Virtualni Muzej Hrvatskog ov\u010dara\",\"description\":\"Autohtona hrvatska pasmina\",\"publisher\":{\"@id\":\"https:\/\/croatianshepherddog.com\/#organization\"},\"potentialAction\":[{\"@type\":\"SearchAction\",\"target\":{\"@type\":\"EntryPoint\",\"urlTemplate\":\"https:\/\/croatianshepherddog.com\/?s={search_term_string}\"},\"query-input\":{\"@type\":\"PropertyValueSpecification\",\"valueRequired\":true,\"valueName\":\"search_term_string\"}}],\"inLanguage\":\"en-GB\"},{\"@type\":\"Organization\",\"@id\":\"https:\/\/croatianshepherddog.com\/#organization\",\"name\":\"Virtualni Muzej Hrvatskog ov\u010dara\",\"url\":\"https:\/\/croatianshepherddog.com\/\",\"logo\":{\"@type\":\"ImageObject\",\"inLanguage\":\"en-GB\",\"@id\":\"https:\/\/croatianshepherddog.com\/#\/schema\/logo\/image\/\",\"url\":\"https:\/\/croatianshepherddog.com\/wp-content\/uploads\/2025\/05\/image-3-1.png\",\"contentUrl\":\"https:\/\/croatianshepherddog.com\/wp-content\/uploads\/2025\/05\/image-3-1.png\",\"width\":245,\"height\":225,\"caption\":\"Virtualni Muzej Hrvatskog ov\u010dara\"},\"image\":{\"@id\":\"https:\/\/croatianshepherddog.com\/#\/schema\/logo\/image\/\"}}]}<\/script>\n<!-- \/ Yoast SEO plugin. -->","yoast_head_json":{"title":"Me\u0111unarodna popularnost i zanimljivosti o pasmini - Virtualni Muzej Hrvatskog ov\u010dara","robots":{"index":"index","follow":"follow","max-snippet":"max-snippet:-1","max-image-preview":"max-image-preview:large","max-video-preview":"max-video-preview:-1"},"canonical":"https:\/\/croatianshepherddog.com\/en\/medunarodna-popularnost-i-zanimljivosti-o-pasmini\/","og_locale":"en_GB","og_type":"article","og_title":"Me\u0111unarodna popularnost i zanimljivosti o pasmini - Virtualni Muzej Hrvatskog ov\u010dara","og_description":"Me\u0111unarodna popularnost i zanimljivosti o pasmini Hrvatski ov\u010dari postaju sve popularniji diljem svijeta, privla\u010de\u0107i pa\u017enju ljubitelja pasa svojom jedinstvenom kombinacijom inteligencije, energije i odanosti. Ova autohtona hrvatska pasmina osvaja srca vlasnika od Europe do Dalekog istoka. Danas nalazimo hrvatske ov\u010dare u Sloveniji, \u0160vedskoj, Nizozemskoj, \u010dak i Japanu, \u0161to svjedo\u010di o njihovoj rastu\u0107oj me\u0111unarodnoj popularnosti. U [&hellip;]","og_url":"https:\/\/croatianshepherddog.com\/en\/medunarodna-popularnost-i-zanimljivosti-o-pasmini\/","og_site_name":"Virtualni Muzej Hrvatskog ov\u010dara","article_modified_time":"2025-06-25T12:05:34+00:00","og_image":[{"width":1600,"height":1122,"url":"https:\/\/croatianshepherddog.com\/wp-content\/uploads\/2025\/05\/IMG-20210329-WA0031.jpg","type":"image\/jpeg"}],"twitter_card":"summary_large_image","twitter_misc":{"Estimated reading time":"2 minutes"},"schema":{"@context":"https:\/\/schema.org","@graph":[{"@type":"WebPage","@id":"https:\/\/croatianshepherddog.com\/medunarodna-popularnost-i-zanimljivosti-o-pasmini\/","url":"https:\/\/croatianshepherddog.com\/medunarodna-popularnost-i-zanimljivosti-o-pasmini\/","name":"Me\u0111unarodna popularnost i zanimljivosti o pasmini - Virtualni Muzej Hrvatskog ov\u010dara","isPartOf":{"@id":"https:\/\/croatianshepherddog.com\/#website"},"primaryImageOfPage":{"@id":"https:\/\/croatianshepherddog.com\/medunarodna-popularnost-i-zanimljivosti-o-pasmini\/#primaryimage"},"image":{"@id":"https:\/\/croatianshepherddog.com\/medunarodna-popularnost-i-zanimljivosti-o-pasmini\/#primaryimage"},"thumbnailUrl":"https:\/\/croatianshepherddog.com\/wp-content\/uploads\/2025\/05\/IMG-20210329-WA0031-1024x718.jpg","datePublished":"2025-05-16T19:22:46+00:00","dateModified":"2025-06-25T12:05:34+00:00","breadcrumb":{"@id":"https:\/\/croatianshepherddog.com\/medunarodna-popularnost-i-zanimljivosti-o-pasmini\/#breadcrumb"},"inLanguage":"en-GB","potentialAction":[{"@type":"ReadAction","target":["https:\/\/croatianshepherddog.com\/medunarodna-popularnost-i-zanimljivosti-o-pasmini\/"]}]},{"@type":"ImageObject","inLanguage":"en-GB","@id":"https:\/\/croatianshepherddog.com\/medunarodna-popularnost-i-zanimljivosti-o-pasmini\/#primaryimage","url":"https:\/\/croatianshepherddog.com\/wp-content\/uploads\/2025\/05\/IMG-20210329-WA0031-1024x718.jpg","contentUrl":"https:\/\/croatianshepherddog.com\/wp-content\/uploads\/2025\/05\/IMG-20210329-WA0031-1024x718.jpg"},{"@type":"BreadcrumbList","@id":"https:\/\/croatianshepherddog.com\/medunarodna-popularnost-i-zanimljivosti-o-pasmini\/#breadcrumb","itemListElement":[{"@type":"ListItem","position":1,"name":"Home","item":"https:\/\/croatianshepherddog.com\/"},{"@type":"ListItem","position":2,"name":"Me\u0111unarodna popularnost i zanimljivosti o pasmini"}]},{"@type":"WebSite","@id":"https:\/\/croatianshepherddog.com\/#website","url":"https:\/\/croatianshepherddog.com\/","name":"Virtualni Muzej Hrvatskog ov\u010dara","description":"Autohtona hrvatska pasmina","publisher":{"@id":"https:\/\/croatianshepherddog.com\/#organization"},"potentialAction":[{"@type":"SearchAction","target":{"@type":"EntryPoint","urlTemplate":"https:\/\/croatianshepherddog.com\/?s={search_term_string}"},"query-input":{"@type":"PropertyValueSpecification","valueRequired":true,"valueName":"search_term_string"}}],"inLanguage":"en-GB"},{"@type":"Organization","@id":"https:\/\/croatianshepherddog.com\/#organization","name":"Virtualni Muzej Hrvatskog ov\u010dara","url":"https:\/\/croatianshepherddog.com\/","logo":{"@type":"ImageObject","inLanguage":"en-GB","@id":"https:\/\/croatianshepherddog.com\/#\/schema\/logo\/image\/","url":"https:\/\/croatianshepherddog.com\/wp-content\/uploads\/2025\/05\/image-3-1.png","contentUrl":"https:\/\/croatianshepherddog.com\/wp-content\/uploads\/2025\/05\/image-3-1.png","width":245,"height":225,"caption":"Virtualni Muzej Hrvatskog ov\u010dara"},"image":{"@id":"https:\/\/croatianshepherddog.com\/#\/schema\/logo\/image\/"}}]}},"_links":{"self":[{"href":"https:\/\/croatianshepherddog.com\/en\/wp-json\/wp\/v2\/pages\/88","targetHints":{"allow":["GET"]}}],"collection":[{"href":"https:\/\/croatianshepherddog.com\/en\/wp-json\/wp\/v2\/pages"}],"about":[{"href":"https:\/\/croatianshepherddog.com\/en\/wp-json\/wp\/v2\/types\/page"}],"author":[{"embeddable":true,"href":"https:\/\/croatianshepherddog.com\/en\/wp-json\/wp\/v2\/users\/1"}],"replies":[{"embeddable":true,"href":"https:\/\/croatianshepherddog.com\/en\/wp-json\/wp\/v2\/comments?post=88"}],"version-history":[{"count":3,"href":"https:\/\/croatianshepherddog.com\/en\/wp-json\/wp\/v2\/pages\/88\/revisions"}],"predecessor-version":[{"id":279,"href":"https:\/\/croatianshepherddog.com\/en\/wp-json\/wp\/v2\/pages\/88\/revisions\/279"}],"wp:attachment":[{"href":"https:\/\/croatianshepherddog.com\/en\/wp-json\/wp\/v2\/media?parent=88"}],"curies":[{"name":"wp","href":"https:\/\/api.w.org\/{rel}","templated":true}]}}