{"id":93,"date":"2025-05-16T19:22:26","date_gmt":"2025-05-16T19:22:26","guid":{"rendered":"https:\/\/croatianshepherddog.com\/?page_id=93"},"modified":"2025-06-25T12:04:08","modified_gmt":"2025-06-25T12:04:08","slug":"hrvatski-ovcar-i-znanost","status":"publish","type":"page","link":"https:\/\/croatianshepherddog.com\/en\/hrvatski-ovcar-i-znanost\/","title":{"rendered":"Croatian Shepherd Dog and science"},"content":{"rendered":"<div data-elementor-type=\"wp-page\" data-elementor-id=\"93\" class=\"elementor elementor-93\" data-elementor-post-type=\"page\">\n\t\t\t\t<div class=\"elementor-element elementor-element-d66ff43 e-flex e-con-boxed e-con e-parent\" data-id=\"d66ff43\" data-element_type=\"container\">\n\t\t\t\t\t<div class=\"e-con-inner\">\n\t\t\t\t<div class=\"elementor-element elementor-element-985adde elementor-widget elementor-widget-heading\" data-id=\"985adde\" data-element_type=\"widget\" data-widget_type=\"heading.default\">\n\t\t\t\t<div class=\"elementor-widget-container\">\n\t\t\t\t\t<h2 class=\"elementor-heading-title elementor-size-default\">Croatian Shepherd Dog and science<\/h2>\t\t\t\t<\/div>\n\t\t\t\t<\/div>\n\t\t\t\t\t<\/div>\n\t\t\t\t<\/div>\n\t\t<div class=\"elementor-element elementor-element-f11b625 e-flex e-con-boxed e-con e-parent\" data-id=\"f11b625\" data-element_type=\"container\">\n\t\t\t\t\t<div class=\"e-con-inner\">\n\t\t\t\t<div class=\"elementor-element elementor-element-1cd22ab elementor-widget elementor-widget-text-editor\" data-id=\"1cd22ab\" data-element_type=\"widget\" data-widget_type=\"text-editor.default\">\n\t\t\t\t<div class=\"elementor-widget-container\">\n\t\t\t\t\t\t\t\t\t<div><p>Despite its long tradition, the Croatian Shepherd Dog is considered endangered by the FAO. Scientists from the Faculty of Agrobiotechnical Sciences, Osijek, and the University of Bologna, supported by the Adris Foundation, launched a conservation project that included genomic analysis of the breed. The results helped create a genetic database and breeding strategy, scientifically confirming the breed\u2019s Croatian origin.<\/p><\/div>\t\t\t\t\t\t\t\t<\/div>\n\t\t\t\t<\/div>\n\t\t\t\t\t<\/div>\n\t\t\t\t<\/div>\n\t\t<div class=\"elementor-element elementor-element-bf11da2 e-flex e-con-boxed e-con e-parent\" data-id=\"bf11da2\" data-element_type=\"container\">\n\t\t\t\t\t<div class=\"e-con-inner\">\n\t\t\t\t<div class=\"elementor-element elementor-element-53c9e15 elementor-widget elementor-widget-image-carousel\" data-id=\"53c9e15\" data-element_type=\"widget\" data-settings=\"{&quot;slides_to_show&quot;:&quot;1&quot;,&quot;navigation&quot;:&quot;none&quot;,&quot;autoplay&quot;:&quot;yes&quot;,&quot;pause_on_hover&quot;:&quot;yes&quot;,&quot;pause_on_interaction&quot;:&quot;yes&quot;,&quot;autoplay_speed&quot;:5000,&quot;infinite&quot;:&quot;yes&quot;,&quot;effect&quot;:&quot;slide&quot;,&quot;speed&quot;:500}\" data-widget_type=\"image-carousel.default\">\n\t\t\t\t<div class=\"elementor-widget-container\">\n\t\t\t\t\t\t\t<div class=\"elementor-image-carousel-wrapper swiper\" role=\"region\" aria-roledescription=\"carousel\" aria-label=\"Image Carousel\" dir=\"ltr\">\n\t\t\t<div class=\"elementor-image-carousel swiper-wrapper\" aria-live=\"off\">\n\t\t\t\t\t\t\t\t<div class=\"swiper-slide\" role=\"group\" aria-roledescription=\"slide\" aria-label=\"1 of 3\" data-no-translation-aria-label=\"\"><figure class=\"swiper-slide-inner\"><img decoding=\"async\" class=\"swiper-slide-image\" src=\"https:\/\/croatianshepherddog.com\/wp-content\/uploads\/2025\/05\/image-2.png\" alt=\"image (2)\" \/><\/figure><\/div><div class=\"swiper-slide\" role=\"group\" aria-roledescription=\"slide\" aria-label=\"2 of 3\" data-no-translation-aria-label=\"\"><figure class=\"swiper-slide-inner\"><img decoding=\"async\" class=\"swiper-slide-image\" src=\"https:\/\/croatianshepherddog.com\/wp-content\/uploads\/2025\/05\/image-3.png\" alt=\"image (3)\" \/><\/figure><\/div><div class=\"swiper-slide\" role=\"group\" aria-roledescription=\"slide\" aria-label=\"3 of 3\" data-no-translation-aria-label=\"\"><figure class=\"swiper-slide-inner\"><img decoding=\"async\" class=\"swiper-slide-image\" src=\"https:\/\/croatianshepherddog.com\/wp-content\/uploads\/2025\/05\/image-4-e1747386999847.png\" alt=\"image (4)\" \/><\/figure><\/div>\t\t\t<\/div>\n\t\t\t\t\t\t\t\n\t\t\t\t\t\t\t\t\t<\/div>\n\t\t\t\t\t\t<\/div>\n\t\t\t\t<\/div>\n\t\t\t\t\t<\/div>\n\t\t\t\t<\/div>\n\t\t\t\t<\/div>","protected":false},"excerpt":{"rendered":"<p>Hrvatski ov\u010dar i znanost Unato\u010d dugoj tradiciji uzgoja i svojim iznimnim karakteristikama, pasmina je vrlo mala i danas se prema klasifikaciji FAO organizacije (Food and Agriculture Organisation of United Nations) smatra ugro\u017eenom. Imaju\u0107i na umu ovo znanstvenici s Fakulteta agrobiotehni\u010dkih znanosti Osijek i Sveu\u010dili\u0161ta u Bologni te uzgajiva\u010di Hrvatskog ov\u010dara zajedni\u010dkim su snagama uz potporu [&hellip;]<\/p>","protected":false},"author":1,"featured_media":0,"parent":0,"menu_order":0,"comment_status":"closed","ping_status":"closed","template":"elementor_header_footer","meta":{"footnotes":""},"class_list":["post-93","page","type-page","status-publish","hentry"],"yoast_head":"<!-- This site is optimized with the Yoast SEO plugin v25.1 - https:\/\/yoast.com\/wordpress\/plugins\/seo\/ -->\n<title>Hrvatski ov\u010dar i znanost - Virtualni Muzej Hrvatskog ov\u010dara<\/title>\n<meta name=\"robots\" content=\"index, follow, max-snippet:-1, max-image-preview:large, max-video-preview:-1\" \/>\n<link rel=\"canonical\" href=\"https:\/\/croatianshepherddog.com\/en\/hrvatski-ovcar-i-znanost\/\" \/>\n<meta property=\"og:locale\" content=\"en_GB\" \/>\n<meta property=\"og:type\" content=\"article\" \/>\n<meta property=\"og:title\" content=\"Hrvatski ov\u010dar i znanost - Virtualni Muzej Hrvatskog ov\u010dara\" \/>\n<meta property=\"og:description\" content=\"Hrvatski ov\u010dar i znanost Unato\u010d dugoj tradiciji uzgoja i svojim iznimnim karakteristikama, pasmina je vrlo mala i danas se prema klasifikaciji FAO organizacije (Food and Agriculture Organisation of United Nations) smatra ugro\u017eenom. Imaju\u0107i na umu ovo znanstvenici s Fakulteta agrobiotehni\u010dkih znanosti Osijek i Sveu\u010dili\u0161ta u Bologni te uzgajiva\u010di Hrvatskog ov\u010dara zajedni\u010dkim su snagama uz potporu [&hellip;]\" \/>\n<meta property=\"og:url\" content=\"https:\/\/croatianshepherddog.com\/en\/hrvatski-ovcar-i-znanost\/\" \/>\n<meta property=\"og:site_name\" content=\"Virtualni Muzej Hrvatskog ov\u010dara\" \/>\n<meta property=\"article:modified_time\" content=\"2025-06-25T12:04:08+00:00\" \/>\n<meta property=\"og:image\" content=\"https:\/\/croatianshepherddog.com\/wp-content\/uploads\/2025\/05\/image-2.png\" \/>\n<meta name=\"twitter:card\" content=\"summary_large_image\" \/>\n<meta name=\"twitter:label1\" content=\"Estimated reading time\" \/>\n\t<meta name=\"twitter:data1\" content=\"2 minutes\" \/>\n<script type=\"application\/ld+json\" class=\"yoast-schema-graph\">{\"@context\":\"https:\/\/schema.org\",\"@graph\":[{\"@type\":\"WebPage\",\"@id\":\"https:\/\/croatianshepherddog.com\/hrvatski-ovcar-i-znanost\/\",\"url\":\"https:\/\/croatianshepherddog.com\/hrvatski-ovcar-i-znanost\/\",\"name\":\"Hrvatski ov\u010dar i znanost - Virtualni Muzej Hrvatskog ov\u010dara\",\"isPartOf\":{\"@id\":\"https:\/\/croatianshepherddog.com\/#website\"},\"primaryImageOfPage\":{\"@id\":\"https:\/\/croatianshepherddog.com\/hrvatski-ovcar-i-znanost\/#primaryimage\"},\"image\":{\"@id\":\"https:\/\/croatianshepherddog.com\/hrvatski-ovcar-i-znanost\/#primaryimage\"},\"thumbnailUrl\":\"https:\/\/croatianshepherddog.com\/wp-content\/uploads\/2025\/05\/image-2.png\",\"datePublished\":\"2025-05-16T19:22:26+00:00\",\"dateModified\":\"2025-06-25T12:04:08+00:00\",\"breadcrumb\":{\"@id\":\"https:\/\/croatianshepherddog.com\/hrvatski-ovcar-i-znanost\/#breadcrumb\"},\"inLanguage\":\"en-GB\",\"potentialAction\":[{\"@type\":\"ReadAction\",\"target\":[\"https:\/\/croatianshepherddog.com\/hrvatski-ovcar-i-znanost\/\"]}]},{\"@type\":\"ImageObject\",\"inLanguage\":\"en-GB\",\"@id\":\"https:\/\/croatianshepherddog.com\/hrvatski-ovcar-i-znanost\/#primaryimage\",\"url\":\"https:\/\/croatianshepherddog.com\/wp-content\/uploads\/2025\/05\/image-2.png\",\"contentUrl\":\"https:\/\/croatianshepherddog.com\/wp-content\/uploads\/2025\/05\/image-2.png\"},{\"@type\":\"BreadcrumbList\",\"@id\":\"https:\/\/croatianshepherddog.com\/hrvatski-ovcar-i-znanost\/#breadcrumb\",\"itemListElement\":[{\"@type\":\"ListItem\",\"position\":1,\"name\":\"Home\",\"item\":\"https:\/\/croatianshepherddog.com\/\"},{\"@type\":\"ListItem\",\"position\":2,\"name\":\"Hrvatski ov\u010dar i znanost\"}]},{\"@type\":\"WebSite\",\"@id\":\"https:\/\/croatianshepherddog.com\/#website\",\"url\":\"https:\/\/croatianshepherddog.com\/\",\"name\":\"Virtualni Muzej Hrvatskog ov\u010dara\",\"description\":\"Autohtona hrvatska pasmina\",\"publisher\":{\"@id\":\"https:\/\/croatianshepherddog.com\/#organization\"},\"potentialAction\":[{\"@type\":\"SearchAction\",\"target\":{\"@type\":\"EntryPoint\",\"urlTemplate\":\"https:\/\/croatianshepherddog.com\/?s={search_term_string}\"},\"query-input\":{\"@type\":\"PropertyValueSpecification\",\"valueRequired\":true,\"valueName\":\"search_term_string\"}}],\"inLanguage\":\"en-GB\"},{\"@type\":\"Organization\",\"@id\":\"https:\/\/croatianshepherddog.com\/#organization\",\"name\":\"Virtualni Muzej Hrvatskog ov\u010dara\",\"url\":\"https:\/\/croatianshepherddog.com\/\",\"logo\":{\"@type\":\"ImageObject\",\"inLanguage\":\"en-GB\",\"@id\":\"https:\/\/croatianshepherddog.com\/#\/schema\/logo\/image\/\",\"url\":\"https:\/\/croatianshepherddog.com\/wp-content\/uploads\/2025\/05\/image-3-1.png\",\"contentUrl\":\"https:\/\/croatianshepherddog.com\/wp-content\/uploads\/2025\/05\/image-3-1.png\",\"width\":245,\"height\":225,\"caption\":\"Virtualni Muzej Hrvatskog ov\u010dara\"},\"image\":{\"@id\":\"https:\/\/croatianshepherddog.com\/#\/schema\/logo\/image\/\"}}]}<\/script>\n<!-- \/ Yoast SEO plugin. -->","yoast_head_json":{"title":"Hrvatski ov\u010dar i znanost - Virtualni Muzej Hrvatskog ov\u010dara","robots":{"index":"index","follow":"follow","max-snippet":"max-snippet:-1","max-image-preview":"max-image-preview:large","max-video-preview":"max-video-preview:-1"},"canonical":"https:\/\/croatianshepherddog.com\/en\/hrvatski-ovcar-i-znanost\/","og_locale":"en_GB","og_type":"article","og_title":"Hrvatski ov\u010dar i znanost - Virtualni Muzej Hrvatskog ov\u010dara","og_description":"Hrvatski ov\u010dar i znanost Unato\u010d dugoj tradiciji uzgoja i svojim iznimnim karakteristikama, pasmina je vrlo mala i danas se prema klasifikaciji FAO organizacije (Food and Agriculture Organisation of United Nations) smatra ugro\u017eenom. Imaju\u0107i na umu ovo znanstvenici s Fakulteta agrobiotehni\u010dkih znanosti Osijek i Sveu\u010dili\u0161ta u Bologni te uzgajiva\u010di Hrvatskog ov\u010dara zajedni\u010dkim su snagama uz potporu [&hellip;]","og_url":"https:\/\/croatianshepherddog.com\/en\/hrvatski-ovcar-i-znanost\/","og_site_name":"Virtualni Muzej Hrvatskog ov\u010dara","article_modified_time":"2025-06-25T12:04:08+00:00","og_image":[{"url":"https:\/\/croatianshepherddog.com\/wp-content\/uploads\/2025\/05\/image-2.png","type":"","width":"","height":""}],"twitter_card":"summary_large_image","twitter_misc":{"Estimated reading time":"2 minutes"},"schema":{"@context":"https:\/\/schema.org","@graph":[{"@type":"WebPage","@id":"https:\/\/croatianshepherddog.com\/hrvatski-ovcar-i-znanost\/","url":"https:\/\/croatianshepherddog.com\/hrvatski-ovcar-i-znanost\/","name":"Hrvatski ov\u010dar i znanost - Virtualni Muzej Hrvatskog ov\u010dara","isPartOf":{"@id":"https:\/\/croatianshepherddog.com\/#website"},"primaryImageOfPage":{"@id":"https:\/\/croatianshepherddog.com\/hrvatski-ovcar-i-znanost\/#primaryimage"},"image":{"@id":"https:\/\/croatianshepherddog.com\/hrvatski-ovcar-i-znanost\/#primaryimage"},"thumbnailUrl":"https:\/\/croatianshepherddog.com\/wp-content\/uploads\/2025\/05\/image-2.png","datePublished":"2025-05-16T19:22:26+00:00","dateModified":"2025-06-25T12:04:08+00:00","breadcrumb":{"@id":"https:\/\/croatianshepherddog.com\/hrvatski-ovcar-i-znanost\/#breadcrumb"},"inLanguage":"en-GB","potentialAction":[{"@type":"ReadAction","target":["https:\/\/croatianshepherddog.com\/hrvatski-ovcar-i-znanost\/"]}]},{"@type":"ImageObject","inLanguage":"en-GB","@id":"https:\/\/croatianshepherddog.com\/hrvatski-ovcar-i-znanost\/#primaryimage","url":"https:\/\/croatianshepherddog.com\/wp-content\/uploads\/2025\/05\/image-2.png","contentUrl":"https:\/\/croatianshepherddog.com\/wp-content\/uploads\/2025\/05\/image-2.png"},{"@type":"BreadcrumbList","@id":"https:\/\/croatianshepherddog.com\/hrvatski-ovcar-i-znanost\/#breadcrumb","itemListElement":[{"@type":"ListItem","position":1,"name":"Home","item":"https:\/\/croatianshepherddog.com\/"},{"@type":"ListItem","position":2,"name":"Hrvatski ov\u010dar i znanost"}]},{"@type":"WebSite","@id":"https:\/\/croatianshepherddog.com\/#website","url":"https:\/\/croatianshepherddog.com\/","name":"Virtualni Muzej Hrvatskog ov\u010dara","description":"Autohtona hrvatska pasmina","publisher":{"@id":"https:\/\/croatianshepherddog.com\/#organization"},"potentialAction":[{"@type":"SearchAction","target":{"@type":"EntryPoint","urlTemplate":"https:\/\/croatianshepherddog.com\/?s={search_term_string}"},"query-input":{"@type":"PropertyValueSpecification","valueRequired":true,"valueName":"search_term_string"}}],"inLanguage":"en-GB"},{"@type":"Organization","@id":"https:\/\/croatianshepherddog.com\/#organization","name":"Virtualni Muzej Hrvatskog ov\u010dara","url":"https:\/\/croatianshepherddog.com\/","logo":{"@type":"ImageObject","inLanguage":"en-GB","@id":"https:\/\/croatianshepherddog.com\/#\/schema\/logo\/image\/","url":"https:\/\/croatianshepherddog.com\/wp-content\/uploads\/2025\/05\/image-3-1.png","contentUrl":"https:\/\/croatianshepherddog.com\/wp-content\/uploads\/2025\/05\/image-3-1.png","width":245,"height":225,"caption":"Virtualni Muzej Hrvatskog ov\u010dara"},"image":{"@id":"https:\/\/croatianshepherddog.com\/#\/schema\/logo\/image\/"}}]}},"_links":{"self":[{"href":"https:\/\/croatianshepherddog.com\/en\/wp-json\/wp\/v2\/pages\/93","targetHints":{"allow":["GET"]}}],"collection":[{"href":"https:\/\/croatianshepherddog.com\/en\/wp-json\/wp\/v2\/pages"}],"about":[{"href":"https:\/\/croatianshepherddog.com\/en\/wp-json\/wp\/v2\/types\/page"}],"author":[{"embeddable":true,"href":"https:\/\/croatianshepherddog.com\/en\/wp-json\/wp\/v2\/users\/1"}],"replies":[{"embeddable":true,"href":"https:\/\/croatianshepherddog.com\/en\/wp-json\/wp\/v2\/comments?post=93"}],"version-history":[{"count":3,"href":"https:\/\/croatianshepherddog.com\/en\/wp-json\/wp\/v2\/pages\/93\/revisions"}],"predecessor-version":[{"id":276,"href":"https:\/\/croatianshepherddog.com\/en\/wp-json\/wp\/v2\/pages\/93\/revisions\/276"}],"wp:attachment":[{"href":"https:\/\/croatianshepherddog.com\/en\/wp-json\/wp\/v2\/media?parent=93"}],"curies":[{"name":"wp","href":"https:\/\/api.w.org\/{rel}","templated":true}]}}